{"id":230,"date":"2023-07-25T12:24:51","date_gmt":"2023-07-25T10:24:51","guid":{"rendered":"https:\/\/lindenschule-hohenacker.de\/site\/?page_id=230"},"modified":"2026-02-02T18:56:28","modified_gmt":"2026-02-02T17:56:28","slug":"unser-kollegium","status":"publish","type":"page","link":"https:\/\/lindenschule-hohenacker.de\/site\/unser-kollegium\/","title":{"rendered":"Kollegium"},"content":{"rendered":"<p>[et_pb_section fb_built=&#8220;1&#8243; _builder_version=&#8220;4.17.6&#8243; _module_preset=&#8220;default&#8220; global_colors_info=&#8220;{}&#8220;][et_pb_row _builder_version=&#8220;4.17.6&#8243; _module_preset=&#8220;default&#8220; collapsed=&#8220;off&#8220; global_colors_info=&#8220;{}&#8220;][et_pb_column type=&#8220;4_4&#8243; _builder_version=&#8220;4.17.6&#8243; _module_preset=&#8220;default&#8220; global_colors_info=&#8220;{}&#8220;][et_pb_text _builder_version=&#8220;4.27.0&#8243; _module_preset=&#8220;default&#8220; global_colors_info=&#8220;{}&#8220;]<\/p>\n<h2>Unser Kollegium im Schuljahr 2025\/2026<\/h2>\n<p>[\/et_pb_text][\/et_pb_column][\/et_pb_row][et_pb_row _builder_version=&#8220;4.17.6&#8243; _module_preset=&#8220;default&#8220; global_colors_info=&#8220;{}&#8220;][et_pb_column type=&#8220;4_4&#8243; _builder_version=&#8220;4.17.6&#8243; _module_preset=&#8220;default&#8220; global_colors_info=&#8220;{}&#8220;][et_pb_text _builder_version=&#8220;4.27.0&#8243; _module_preset=&#8220;default&#8220; global_colors_info=&#8220;{}&#8220;]<\/p>\n\n<table id=\"tablepress-2\" class=\"tablepress tablepress-id-2\">\n<thead>\n<tr class=\"row-1\">\n\t<th class=\"column-1\">Klasse<\/th><td class=\"column-2\"><\/td><th class=\"column-3\">Klassenlehrerin<\/th><th class=\"column-4\">Raum<\/th>\n<\/tr>\n<\/thead>\n<tbody class=\"row-striping row-hover\">\n<tr class=\"row-2\">\n\t<td class=\"column-1\">GFK<\/td><td class=\"column-2\">Drachenklasse<\/td><td class=\"column-3\">Verena Kojetinsky<\/td><td class=\"column-4\">B 14<\/td>\n<\/tr>\n<tr class=\"row-3\">\n\t<td class=\"column-1\">1a<\/td><td class=\"column-2\">Elefantenklasse<\/td><td class=\"column-3\">Sabine Eble<\/td><td class=\"column-4\">B 13<\/td>\n<\/tr>\n<tr class=\"row-4\">\n\t<td class=\"column-1\">1b<\/td><td class=\"column-2\">B\u00e4renklasse<\/td><td class=\"column-3\">Simone Jud<\/td><td class=\"column-4\">B 11<\/td>\n<\/tr>\n<tr class=\"row-5\">\n\t<td class=\"column-1\">2a<\/td><td class=\"column-2\">Igelklasse<\/td><td class=\"column-3\">Martina Langerjahn<\/td><td class=\"column-4\">B 15<\/td>\n<\/tr>\n<tr class=\"row-6\">\n\t<td class=\"column-1\">2b<\/td><td class=\"column-2\">Schildkr\u00f6tenklasse<\/td><td class=\"column-3\">Lisa Kristmann<\/td><td class=\"column-4\">B 12<\/td>\n<\/tr>\n<tr class=\"row-7\">\n\t<td class=\"column-1\">3a<\/td><td class=\"column-2\">L\u00f6wenklasse<\/td><td class=\"column-3\">Lena M\u00fcller<\/td><td class=\"column-4\">A 14<\/td>\n<\/tr>\n<tr class=\"row-8\">\n\t<td class=\"column-1\">3b<\/td><td class=\"column-2\">M\u00e4useklasse<\/td><td class=\"column-3\">Sylvia V\u00f6hringer<\/td><td class=\"column-4\">A 11<\/td>\n<\/tr>\n<tr class=\"row-9\">\n\t<td class=\"column-1\">4a<\/td><td class=\"column-2\">Eulenklasse<\/td><td class=\"column-3\">Elke Spahr<\/td><td class=\"column-4\">B 04<\/td>\n<\/tr>\n<tr class=\"row-10\">\n\t<td class=\"column-1\">4b<\/td><td class=\"column-2\">F\u00fcchseklasse<\/td><td class=\"column-3\">Tatiana Fried<\/td><td class=\"column-4\">B 03<\/td>\n<\/tr>\n<\/tbody>\n<\/table>\n<!-- #tablepress-2 from cache -->\n<p>&nbsp;<\/p>\n<p>[\/et_pb_text][et_pb_text _builder_version=&#8220;4.27.5&#8243; _module_preset=&#8220;default&#8220; hover_enabled=&#8220;0&#8243; global_colors_info=&#8220;{}&#8220; sticky_enabled=&#8220;0&#8243;]<\/p>\n<table class=\" alignleft\" style=\"width: 100%; border-collapse: collapse;\" border=\"0\">\n<tbody>\n<tr>\n<td style=\"width: 50%;\">Fachlehrer in den Klassen:<\/td>\n<td style=\"width: 50%;\">\u00a0Roswitha Geiger<\/td>\n<\/tr>\n<tr>\n<td style=\"width: 50%;\">\u00a0<\/td>\n<td style=\"width: 50%;\">\u00a0Marius B\u00f6hmerle<\/td>\n<\/tr>\n<tr>\n<td style=\"width: 50%;\">\u00a0<\/td>\n<td style=\"width: 50%;\">\u00a0Martina Langerjahn<\/td>\n<\/tr>\n<tr>\n<td style=\"width: 50%;\">\u00a0<\/td>\n<td style=\"width: 50%;\">\u00a0Constance Schmidt<\/td>\n<\/tr>\n<tr>\n<td style=\"width: 50%;\">\u00a0<\/td>\n<td style=\"width: 50%;\">\u00a0Sandra Merz<\/td>\n<\/tr>\n<tr>\n<td style=\"width: 50%;\">\u00a0<\/td>\n<td style=\"width: 50%;\">\u00a0Magdalene Kellermann<\/td>\n<\/tr>\n<tr>\n<td style=\"width: 50%;\">Referendarin:<\/td>\n<td style=\"width: 50%;\">\u00a0Judith Murzynowski und Louisa Schock<\/td>\n<\/tr>\n<tr>\n<td style=\"width: 50%;\">Sozialp\u00e4dagogische Assistentin:<\/td>\n<td style=\"width: 50%;\">\u00a0Susanne Doubleday<\/td>\n<\/tr>\n<tr>\n<td style=\"width: 50%;\">Schulseelsorgerin:<\/td>\n<td style=\"width: 50%;\">\u00a0Roswitha Geiger<\/td>\n<\/tr>\n<tr>\n<td style=\"width: 50%;\">Schulsozialarbeiterin:<\/td>\n<td style=\"width: 50%;\">\u00a0Sofie Heitzler<\/td>\n<\/tr>\n<tr>\n<td style=\"width: 50%;\">Kooperationslehrerinnen:<\/td>\n<td style=\"width: 50%;\">\u00a0Frau Schmidt, Frau Langerjahn und Frau Jud<\/td>\n<\/tr>\n<\/tbody>\n<\/table>\n<p>[\/et_pb_text][et_pb_text _builder_version=&#8220;4.27.4&#8243; _module_preset=&#8220;default&#8220; text_orientation=&#8220;justified&#8220; global_colors_info=&#8220;{}&#8220;]<\/p>\n<p>&nbsp;<\/p>\n<p>Sie k\u00f6nnen die einzelnen Lehrkr\u00e4fte telefonisch \u00fcber das Sekretariat oder direkt per E-Mail erreichen.<\/p>\n\n<table id=\"tablepress-4\" class=\"tablepress tablepress-id-4\">\n<thead>\n<tr class=\"row-1\">\n\t<th class=\"column-1\">Klasse<\/th><th class=\"column-2\">Name<\/th><th class=\"column-3\">E- Mail Adresse<\/th>\n<\/tr>\n<\/thead>\n<tbody class=\"row-striping row-hover\">\n<tr class=\"row-2\">\n\t<td class=\"column-1\">Schulleitung<\/td><td class=\"column-2\">C. Schmidt<\/td><td class=\"column-3\">schulleitung.lindenschule-hohenacker@waiblingen.de<\/td>\n<\/tr>\n<tr class=\"row-3\">\n\t<td class=\"column-1\">Konrektorin<\/td><td class=\"column-2\">M. Langerjahn<\/td><td class=\"column-3\">stv.lindenschule-hohenacker@waiblingen.de<\/td>\n<\/tr>\n<tr class=\"row-4\">\n\t<td class=\"column-1\">Sekret\u00e4rin<\/td><td class=\"column-2\">N. Schiek<\/td><td class=\"column-3\">nadine.schiek@waiblingen.de<\/td>\n<\/tr>\n<tr class=\"row-5\">\n\t<td class=\"column-1\">Schulsozialarbeit<\/td><td class=\"column-2\">S. Heitzler<\/td><td class=\"column-3\">sofie.heitzler@waiblingen.de<\/td>\n<\/tr>\n<tr class=\"row-6\">\n\t<td class=\"column-1\">GFK<\/td><td class=\"column-2\">V. Kojetinsky<\/td><td class=\"column-3\">verena.kojetinsky@bw.schule<\/td>\n<\/tr>\n<tr class=\"row-7\">\n\t<td class=\"column-1\">1a<\/td><td class=\"column-2\">S. Eble<\/td><td class=\"column-3\">sabine.eble@bw.schule<\/td>\n<\/tr>\n<tr class=\"row-8\">\n\t<td class=\"column-1\">1b<\/td><td class=\"column-2\">S. Jud<\/td><td class=\"column-3\">simone.jud@bw.schule<\/td>\n<\/tr>\n<tr class=\"row-9\">\n\t<td class=\"column-1\">2a<\/td><td class=\"column-2\">M. Langerjahn<\/td><td class=\"column-3\">martina.langerjahn@bw.schule<\/td>\n<\/tr>\n<tr class=\"row-10\">\n\t<td class=\"column-1\">2b<\/td><td class=\"column-2\">L. Kristmann<\/td><td class=\"column-3\">lisa.kristmann@bw.schule<\/td>\n<\/tr>\n<tr class=\"row-11\">\n\t<td class=\"column-1\">3a<\/td><td class=\"column-2\">L. M\u00fcller<\/td><td class=\"column-3\">lena_marie.mueller@bw.schule<\/td>\n<\/tr>\n<tr class=\"row-12\">\n\t<td class=\"column-1\">3b<\/td><td class=\"column-2\">S. V\u00f6hringer<\/td><td class=\"column-3\">sylvia.voehringer@bw.schule<\/td>\n<\/tr>\n<tr class=\"row-13\">\n\t<td class=\"column-1\">4a<\/td><td class=\"column-2\">E. Spahr<\/td><td class=\"column-3\">elke.spahr@bw.schule<\/td>\n<\/tr>\n<tr class=\"row-14\">\n\t<td class=\"column-1\">4b<\/td><td class=\"column-2\">T. Fried<\/td><td class=\"column-3\">tatiana.fried@bw.schule<\/td>\n<\/tr>\n<tr class=\"row-15\">\n\t<td class=\"column-1\">Referendarin<\/td><td class=\"column-2\">J.Murzynowski<\/td><td class=\"column-3\">judith.murzynowski@bw.schule<\/td>\n<\/tr>\n<tr class=\"row-16\">\n\t<td class=\"column-1\">Religion + Schulseelsorge<\/td><td class=\"column-2\">R. Geiger<\/td><td class=\"column-3\">roswitha.geiger@bw.schule<\/td>\n<\/tr>\n<tr class=\"row-17\">\n\t<td class=\"column-1\">Religion<\/td><td class=\"column-2\">M. B\u00f6hmerle<\/td><td class=\"column-3\">marius.boehmerle@bw.schule<\/td>\n<\/tr>\n<tr class=\"row-18\">\n\t<td class=\"column-1\">Religion<\/td><td class=\"column-2\">M. Kellermann<\/td><td class=\"column-3\">magdalene.kellermann@bw.schule<\/td>\n<\/tr>\n<tr class=\"row-19\">\n\t<td class=\"column-1\">Fachlehrerin<\/td><td class=\"column-2\">S. Merz<\/td><td class=\"column-3\">sandra.merz@bw.schule<\/td>\n<\/tr>\n<\/tbody>\n<\/table>\n<!-- #tablepress-4 from cache -->\n<p>&nbsp;<\/p>\n<p>&nbsp;<\/p>\n<p>[\/et_pb_text][\/et_pb_column][\/et_pb_row][\/et_pb_section]<\/p>\n","protected":false},"excerpt":{"rendered":"<p>Unser Kollegium im Schuljahr 2025\/2026\n<table id=\"tablepress-2-no-2\" class=\"tablepress tablepress-id-2\">\n<thead>\n<tr class=\"row-1\">\n\t<th class=\"column-1\">Klasse<\/th><td class=\"column-2\"><\/td><th class=\"column-3\">Klassenlehrerin<\/th><th class=\"column-4\">Raum<\/th>\n<\/tr>\n<\/thead>\n<tbody class=\"row-striping row-hover\">\n<tr class=\"row-2\">\n\t<td class=\"column-1\">GFK<\/td><td class=\"column-2\">Drachenklasse<\/td><td class=\"column-3\">Verena Kojetinsky<\/td><td class=\"column-4\">B 14<\/td>\n<\/tr>\n<tr class=\"row-3\">\n\t<td class=\"column-1\">1a<\/td><td class=\"column-2\">Elefantenklasse<\/td><td class=\"column-3\">Sabine Eble<\/td><td class=\"column-4\">B 13<\/td>\n<\/tr>\n<tr class=\"row-4\">\n\t<td class=\"column-1\">1b<\/td><td class=\"column-2\">B\u00e4renklasse<\/td><td class=\"column-3\">Simone Jud<\/td><td class=\"column-4\">B 11<\/td>\n<\/tr>\n<tr class=\"row-5\">\n\t<td class=\"column-1\">2a<\/td><td class=\"column-2\">Igelklasse<\/td><td class=\"column-3\">Martina Langerjahn<\/td><td class=\"column-4\">B 15<\/td>\n<\/tr>\n<tr class=\"row-6\">\n\t<td class=\"column-1\">2b<\/td><td class=\"column-2\">Schildkr\u00f6tenklasse<\/td><td class=\"column-3\">Lisa Kristmann<\/td><td class=\"column-4\">B 12<\/td>\n<\/tr>\n<tr class=\"row-7\">\n\t<td class=\"column-1\">3a<\/td><td class=\"column-2\">L\u00f6wenklasse<\/td><td class=\"column-3\">Lena M\u00fcller<\/td><td class=\"column-4\">A 14<\/td>\n<\/tr>\n<tr class=\"row-8\">\n\t<td class=\"column-1\">3b<\/td><td class=\"column-2\">M\u00e4useklasse<\/td><td class=\"column-3\">Sylvia V\u00f6hringer<\/td><td class=\"column-4\">A 11<\/td>\n<\/tr>\n<tr class=\"row-9\">\n\t<td class=\"column-1\">4a<\/td><td class=\"column-2\">Eulenklasse<\/td><td class=\"column-3\">Elke Spahr<\/td><td class=\"column-4\">B 04<\/td>\n<\/tr>\n<tr class=\"row-10\">\n\t<td class=\"column-1\">4b<\/td><td class=\"column-2\">F\u00fcchseklasse<\/td><td class=\"column-3\">Tatiana Fried<\/td><td class=\"column-4\">B 03<\/td>\n<\/tr>\n<\/tbody>\n<\/table>\n &nbsp; Fachlehrer in den Klassen: \u00a0Roswitha Geiger \u00a0 \u00a0Marius B\u00f6hmerle \u00a0 \u00a0Martina Langerjahn \u00a0 \u00a0Constance Schmidt \u00a0 \u00a0Sandra Merz \u00a0 \u00a0Magdalene Kellermann Referendarin: [&hellip;]<\/p>\n","protected":false},"author":1,"featured_media":0,"parent":0,"menu_order":0,"comment_status":"closed","ping_status":"closed","template":"","meta":{"_et_pb_use_builder":"on","_et_pb_old_content":"","_et_gb_content_width":"","footnotes":""},"class_list":["post-230","page","type-page","status-publish","hentry"],"_links":{"self":[{"href":"https:\/\/lindenschule-hohenacker.de\/site\/wp-json\/wp\/v2\/pages\/230","targetHints":{"allow":["GET"]}}],"collection":[{"href":"https:\/\/lindenschule-hohenacker.de\/site\/wp-json\/wp\/v2\/pages"}],"about":[{"href":"https:\/\/lindenschule-hohenacker.de\/site\/wp-json\/wp\/v2\/types\/page"}],"author":[{"embeddable":true,"href":"https:\/\/lindenschule-hohenacker.de\/site\/wp-json\/wp\/v2\/users\/1"}],"replies":[{"embeddable":true,"href":"https:\/\/lindenschule-hohenacker.de\/site\/wp-json\/wp\/v2\/comments?post=230"}],"version-history":[{"count":55,"href":"https:\/\/lindenschule-hohenacker.de\/site\/wp-json\/wp\/v2\/pages\/230\/revisions"}],"predecessor-version":[{"id":245944,"href":"https:\/\/lindenschule-hohenacker.de\/site\/wp-json\/wp\/v2\/pages\/230\/revisions\/245944"}],"wp:attachment":[{"href":"https:\/\/lindenschule-hohenacker.de\/site\/wp-json\/wp\/v2\/media?parent=230"}],"curies":[{"name":"wp","href":"https:\/\/api.w.org\/{rel}","templated":true}]}}