{"id":238818,"date":"2022-07-18T13:12:29","date_gmt":"2022-07-18T13:12:29","guid":{"rendered":"https:\/\/lindenschule-hohenacker.de\/site\/?page_id=238818"},"modified":"2022-09-12T19:50:39","modified_gmt":"2022-09-12T17:50:39","slug":"238818-2","status":"publish","type":"page","link":"https:\/\/lindenschule-hohenacker.de\/site\/238818-2\/","title":{"rendered":"Schul- und Hausordnung"},"content":{"rendered":"<p>[et_pb_section fb_built=&#8220;1&#8243; _builder_version=&#8220;4.17.6&#8243; _module_preset=&#8220;default&#8220; global_colors_info=&#8220;{}&#8220;][et_pb_row _builder_version=&#8220;4.17.6&#8243; _module_preset=&#8220;default&#8220; global_colors_info=&#8220;{}&#8220;][et_pb_column type=&#8220;4_4&#8243; _builder_version=&#8220;4.17.6&#8243; _module_preset=&#8220;default&#8220; global_colors_info=&#8220;{}&#8220;][et_pb_text _builder_version=&#8220;4.17.6&#8243; _module_preset=&#8220;default&#8220; global_colors_info=&#8220;{}&#8220;]<\/p>\n<h2>Schul- und Hausordnung<\/h2>\n<p>[\/et_pb_text][\/et_pb_column][\/et_pb_row][et_pb_row _builder_version=&#8220;4.17.6&#8243; _module_preset=&#8220;default&#8220; global_colors_info=&#8220;{}&#8220;][et_pb_column type=&#8220;4_4&#8243; _builder_version=&#8220;4.17.6&#8243; _module_preset=&#8220;default&#8220; global_colors_info=&#8220;{}&#8220;][et_pb_text _builder_version=&#8220;4.18.0&#8243; _module_preset=&#8220;default&#8220; text_orientation=&#8220;justified&#8220; hover_enabled=&#8220;0&#8243; global_colors_info=&#8220;{}&#8220; sticky_enabled=&#8220;0&#8243;]<\/p>\n<p><strong>1. Voraussetzung schulisches Lernen<\/strong><\/p>\n<ul>\n<li>Wichtigste Aufgabe der Schule ist das Lernen von F\u00e4higkeiten, Fertigkeiten und von sozialem Miteinander.<\/li>\n<li>Wichtigste Voraussetzungen f\u00fcr gutes Lernen sind Ruhe und eine angstfreie Atmosph\u00e4re. Deshalb achten wir darauf, Andere beim Lernen nicht zu st\u00f6ren.<\/li>\n<li>Wir sind h\u00f6flich zueinander, nehmen R\u00fccksicht aufeinander und helfen uns gegenseitig. Wir \u00e4rgern Andere nicht oder lassen uns von Anderen nicht \u00e4rgern.<\/li>\n<li>Wir beleidigen oder bedrohen niemanden und lassen uns auch nicht auf K\u00e4mpfe ein.<\/li>\n<li>Streit, Wut, \u00c4rger und Zorn gibt es \u00fcber alle und f\u00fcr alles gibt es L\u00f6sungswege friedlicher Art. Dies lernen wir auch in unserer Schule und versuchen, danach zu handeln.<\/li>\n<\/ul>\n<p>&nbsp;<\/p>\n<p><strong>2. Im Schulbereich<\/strong><\/p>\n<ul>\n<li>Der Schulbereich besteht aus den Schulgeb\u00e4uden und den vier Schulh\u00f6fen.<\/li>\n<li>Der gesamte Schulbereich ist eine rauch- und gewaltfreie Zone.<\/li>\n<li>Wiesen, Str\u00e4ucher und B\u00e4ume sind Lebewesen. Wir sch\u00fctzen sie und zerst\u00f6ren sie nicht.<\/li>\n<li>Gegenst\u00e4nde, die in der Schule nicht gebraucht werden, d\u00fcrfen nicht mit in die Schule gebracht werden. Sie k\u00f6nnen dem Sch\u00fcler von jeder Lehrkraft, gegebenenfalls vom Hausmeister abgenommen und vom Klassenlehrer verwahrt werden. Dieser teilt dem Sch\u00fcler mit, wann er den Gegenstand ihm oder einem Erziehungsberechtigten wieder aush\u00e4ndigt.<\/li>\n<li>\n<p>F\u00fcr die Verwendung von digitalen Endger\u00e4ten in unserer Schule gibt es eine Ordnung mit Regeln, die f\u00fcr alle Sch\u00fcler\/innen ab dem Schuljahr 2022\/2023 gelten!<\/p>\n<p><u>Regel 1:<\/u> Gegenst\u00e4nde, die in der Schule nicht gebraucht werden, sollten m\u00f6glichst nicht mitgebracht werden.<\/p>\n<p><u>Regel 2:<\/u> W\u00e4hrend des Schulbesuchs bleiben die Smartwatches und andere mobile Ger\u00e4te in der Schultasche und sind ausgeschalten. Ausnahmen k\u00f6nnen von der Schulleitung oder der jeweiligen Lehrperson ausgesprochen werden.<\/p>\n<p><u>Regel 3:<\/u> Das Erstellen und Verbreiten von Bildern, Videos, Textmitteilungen und Sounddateien ist ohne Erlaubnis der Lehrperson und der Person, die auf den Aufnahmen zu sehen ist, nicht erlaubt.<\/p>\n<p><u>Regel 4:<\/u> Wenn gegen die Ordnung versto\u00dfen wird, hat die Lehrperson das Recht, das Ger\u00e4t vor\u00fcbergehend einzuziehen. Das Ger\u00e4t kann in der Regel nach Unterrichtsende im Lehrerzimmer abgeholt werden. Die Eltern werden zeitnah \u00fcber den Einzug des Ger\u00e4tes informiert.<\/p>\n<p><u>Regel 5:<\/u> Bei Verst\u00f6\u00dfen gegen diese Ordnung findet ein Gespr\u00e4ch mit den Eltern statt, bei mehrfachem Versto\u00df findet ein Gespr\u00e4ch mit den Eltern und der Schulleitung statt. Dort werden auch weitere Konsequenzen besprochen.<\/p>\n<p><u>Regel 6:<\/u> Wenn der konkrete Verdacht besteht, dass sich auf dem digitalen Endger\u00e4t strafbare Inhalte (z. B. Bilder oder Videos) befinden, kann die Schule die Polizei einschalten.<\/p>\n<p>Diese Regeln wurden am 13.07.2022 von den Mitgliedern der Schulkonferenz einstimmig beschlossen.<\/p>\n<\/li>\n<li>F\u00fcr Wertgegenst\u00e4nde und Geldbetr\u00e4ge kann die Schule keine Haftung \u00fcbernehmen. Sollten wir z.B. vor einem Klassenausflug einen gr\u00f6\u00dferen Geldbetrag in die Schule mitbringen m\u00fcssen, verwahren wir ihn sicher bei uns, bis wir ihn der Lehrkraft geben.<\/li>\n<li>Wir trennen unseren M\u00fcll im Klassenzimmer. Auf dem Schulhof werfen wir unseren Abfall in die M\u00fclleimer. Was liegen bleibt sammelt eine Klasse im w\u00f6chentlichen Wechsel auf.<\/li>\n<li>Wir bem\u00fchen uns um P\u00fcnktlichkeit und kommen fr\u00fchestens 10 Minuten vor Unterrichtsbeginn in die Schule. Vor dem Unterricht bleiben alle Sch\u00fcler, die keinen gleitenden Unterrichtsbeginn haben, auf den Schulh\u00f6fen A und B. Alle anderen gehen direkt still ins Klassenzimmer.<\/li>\n<li>Nach Unterrichtsende gehen die Kinder m\u00f6glichst schnell nach Hause oder in die Betreuungseinrichtung. Die zuletzt unterrichtende Lehrkraft ist daf\u00fcr verantwortlich, dass der Unterrichtsraum ordentlich verlassen wird.<\/li>\n<li>Alles Weitere regelt die aktuelle Pausenordnung, die Teil dieser Schul- und Hausordnung ist.<\/li>\n<\/ul>\n<p>&nbsp;<\/p>\n<p><strong>3. Im Schulhaus<\/strong><\/p>\n<ul>\n<li>Im Schulhaus lernen wir. Das geht um so besser, je wohler wir uns darin f\u00fchlen. Darum wollen wir unser Schulhaus so wenig wie m\u00f6glich verschmutzen. Deshalb putzen wir beim Betreten des Schulhauses unsere Schuhe ab und werfen nichts auf den Boden. Vor dem Klassenzimmer ziehen die Sch\u00fcler ihre Hausschuhe an.<\/li>\n<li>Wir h\u00e4ngen unsere Jacken und M\u00e4ntel an den Garderobenhaken vor dem Klassenzimmer auf. Dort sind diese Kleidungsst\u00fccke, nicht aber darin befindliche Wertsachen oder Geldbeutel, versichert. Diese Garderobenversicherung wird aus der Schul- und Elternkasse finanziert und f\u00fcr alle Sch\u00fcler der Lindenschule abgeschlossen.<\/li>\n<li>Ein Schulhaus und seine Einrichtungen kosten viel Geld. Wir bem\u00fchen uns deshalb, die Geb\u00e4ude und Einrichtungsgegenst\u00e4nde, die Lehrmittel und Ger\u00e4te, genauso eigene und fremde Schulsachen und Kleidungsst\u00fccke pfleglich zu behandeln. Sch\u00fcler, die absichtlich oder mutwillig Sachen besch\u00e4digen, m\u00fcssen wissen, dass ihre Eltern f\u00fcr die entstehenden Kosten haftbar gemacht werden. Dies gilt insbesondere auch f\u00fcr die Besch\u00e4digung oder den Verlust von geliehenen Schulb\u00fcchern.<\/li>\n<li>Wir erwarten ein sauberes Klo, also verlassen wir es sauber. Toiletten sind keine Aufenthaltsr\u00e4ume. Die aufsichtf\u00fchrende Lehrkraft und der Hausmeister sind berechtigt unf verpflichtet dies zu kontrollieren.<\/li>\n<li>Wir wollen beim Lernen aufmerksam sein. Dazu ben\u00f6tigen wir Stille! Wenn Klassen, einzelne Sch\u00fcler oder Erwachsene w\u00e4hrend der Unterrichtsstunden durch das Schulhaus gehen m\u00fcssen, geschieht dies still.<\/li>\n<li>F\u00fcr unser Klassenzimmer und unseren Arbeitsplatz sind wir verantwortlich. Wir k\u00f6nnen uns eine eigene Klassenordnung geben, die wir nat\u00fcrlich nach der bestehenden Schul- und Hausordnung richten.<\/li>\n<\/ul>\n<p>&nbsp;<\/p>\n<p><strong>4. Sportunterricht<\/strong><\/p>\n<ul>\n<li>Wir betreten die Sporthallen w\u00e4hrend des Unterrichts nicht mit Stra\u00dfenschuhen, auch nicht mit Turnschuhen, die wir schon zu Hause ausgezogen haben.<\/li>\n<li>Uhren und Schmuck tragen wir w\u00e4hrend des Sportunterrichts aus Sicherheitsgr\u00fcnden nicht und lassen diese an Sporttagen zu Hause. Bei Verlust kann die Schule keine Haftung \u00fcbernehmen, auch wenn sie beim Sportlehrer abgegeben werden. Die oben genannte Garderobenversicherung gilt auch f\u00fcr die Sportst\u00e4tten.<\/li>\n<li>Um Erk\u00e4ltungskrankheiten vorzubeugen, f\u00f6hnen sich alle Kinder nach dem Schwimmen. F\u00fcr eine Witterung angemessene Kopfbedeckung sorgen die Eltern.<\/li>\n<\/ul>\n<p>&nbsp;<\/p>\n<p><strong>5. Schlussbestimmung<\/strong><\/p>\n<ul>\n<li>F\u00fcr die Einhaltung der Hausordnung sind wir alle verantwortlich. Bei Verst\u00f6\u00dfen gegen die vorliegende Hausordnung sind die Lehrkr\u00e4fte verpflichtet, erzieherische Ma\u00dfnahmen zu ergreifen.<\/li>\n<\/ul>\n<p>&nbsp;<\/p>\n<p><strong>Pausenordnung <\/strong><\/p>\n<p>Die Pausenordnung ist eine Erg\u00e4nzung und Pr\u00e4zisierung der Schul- und Hausordnung. Sie kann von der Gesamtlehrerkonferenz auch ohne Zustimmung der Schulkonferenz ge\u00e4ndert werden. Bei einer \u00c4nderung der Pausenordnung muss die Schulkonferenz aber geh\u00f6rt werden.<\/p>\n<p>&nbsp;<\/p>\n<ul>\n<li>Alle Kinder verlassen zu Beginn der gro\u00dfen Pauen m\u00f6glichst rasch die Klassenzimmer und die Schuhh\u00e4user und betreten diese erst wieder mit der Lehrkraft. Bei feuchtem Wetter d\u00fcrfen keine B\u00e4lle mit in die Pause genommen werden.<\/li>\n<li>Das Schulgel\u00e4nde darf nur verlassen werden, wenn dies von der zust\u00e4ndigen Lehrkraft ausdr\u00fccklich erlaubt ist. Wenn Bereiche durch eine Kette abgesperrt sind, d\u00fcrfen sie nicht betreten werden.<\/li>\n<li>In den Pausen bewegen sich viele Kinder in den Pausenh\u00f6fen. Wir nehmen auf die Anderen R\u00fccksicht und verhalten uns so, dass wir uns und andere nicht verletzen.<\/li>\n<li>Wir st\u00f6ren andere nicht bei ihrem Spiel und wir machen keine Kampfspiele. Werden wir von anderen provoziert, wenden wir die STOPP-Regel an.<\/li>\n<li>Das Ballspielen mit weichen B\u00e4llen ist auf den H\u00f6fen C und D bei trockenem Wetter erlaubt, nicht aber auf den H\u00f6fen A und B.<\/li>\n<li>Zum Schutz der Pflanzen ist das Klettern auf B\u00e4umen und B\u00fcschen grunds\u00e4tzlich nicht erlaubt. Nur im Hof D k\u00f6nnen wir auch in den Geb\u00fcschen spielen. Wir achten dabei aber darauf keine Pflanzen zu zerst\u00f6ren.<\/li>\n<li>Gel\u00e4nder grenzen Bereiche ab. Im Hof A sind sie zum Teil an Stellen, an denen man abst\u00fcrzen kann. Deshalb darf man im Hof A auch nicht auf ihnen klettern oder sitzen.<\/li>\n<li>Die Treppe von Hof A zu Hof B ist Hauptdurchgangsweg, deshalb sind hier Spiele gef\u00e4hrlich. Aus diesem Grund sind sie hier verboten.<\/li>\n<li>Das Ende der gro\u00dfen Pause wird durch den Gong angezeigt. Beim Ert\u00f6nen des Gongs begeben sich die Kinder sofort zu ihrem Klassenaufstellplatz.<\/li>\n<li>Kinder, die durch massives Fehlverhalten auffallen, k\u00f6nnen nicht in der Pause bleiben, sondern m\u00fcssen in einem gesonderten Raum ihr Verhalten \u00fcberdenken.<\/li>\n<\/ul>\n<p>&nbsp;<\/p>\n<p>&nbsp;<\/p>\n<p>[\/et_pb_text][\/et_pb_column][\/et_pb_row][\/et_pb_section]<\/p>\n","protected":false},"excerpt":{"rendered":"<p>Schul- und Hausordnung1. Voraussetzung schulisches Lernen Wichtigste Aufgabe der Schule ist das Lernen von F\u00e4higkeiten, Fertigkeiten und von sozialem Miteinander. Wichtigste Voraussetzungen f\u00fcr gutes Lernen sind Ruhe und eine angstfreie [&hellip;]<\/p>\n","protected":false},"author":1,"featured_media":0,"parent":0,"menu_order":0,"comment_status":"closed","ping_status":"closed","template":"","meta":{"_et_pb_use_builder":"on","_et_pb_old_content":"","_et_gb_content_width":"","footnotes":""},"class_list":["post-238818","page","type-page","status-publish","hentry"],"_links":{"self":[{"href":"https:\/\/lindenschule-hohenacker.de\/site\/wp-json\/wp\/v2\/pages\/238818","targetHints":{"allow":["GET"]}}],"collection":[{"href":"https:\/\/lindenschule-hohenacker.de\/site\/wp-json\/wp\/v2\/pages"}],"about":[{"href":"https:\/\/lindenschule-hohenacker.de\/site\/wp-json\/wp\/v2\/types\/page"}],"author":[{"embeddable":true,"href":"https:\/\/lindenschule-hohenacker.de\/site\/wp-json\/wp\/v2\/users\/1"}],"replies":[{"embeddable":true,"href":"https:\/\/lindenschule-hohenacker.de\/site\/wp-json\/wp\/v2\/comments?post=238818"}],"version-history":[{"count":13,"href":"https:\/\/lindenschule-hohenacker.de\/site\/wp-json\/wp\/v2\/pages\/238818\/revisions"}],"predecessor-version":[{"id":240192,"href":"https:\/\/lindenschule-hohenacker.de\/site\/wp-json\/wp\/v2\/pages\/238818\/revisions\/240192"}],"wp:attachment":[{"href":"https:\/\/lindenschule-hohenacker.de\/site\/wp-json\/wp\/v2\/media?parent=238818"}],"curies":[{"name":"wp","href":"https:\/\/api.w.org\/{rel}","templated":true}]}}