{"id":238828,"date":"2022-07-18T13:18:28","date_gmt":"2022-07-18T13:18:28","guid":{"rendered":"https:\/\/lindenschule-hohenacker.de\/site\/?page_id=238828"},"modified":"2022-08-09T06:20:49","modified_gmt":"2022-08-09T06:20:49","slug":"schulwegplant","status":"publish","type":"page","link":"https:\/\/lindenschule-hohenacker.de\/site\/schulwegplant\/","title":{"rendered":"Schulwegplan"},"content":{"rendered":"<p>[et_pb_section fb_built=&#8220;1&#8243; _builder_version=&#8220;4.17.6&#8243; _module_preset=&#8220;default&#8220; global_colors_info=&#8220;{}&#8220;][et_pb_row _builder_version=&#8220;4.17.6&#8243; _module_preset=&#8220;default&#8220; global_colors_info=&#8220;{}&#8220;][et_pb_column type=&#8220;4_4&#8243; _builder_version=&#8220;4.17.6&#8243; _module_preset=&#8220;default&#8220; global_colors_info=&#8220;{}&#8220;][et_pb_text _builder_version=&#8220;4.17.6&#8243; _module_preset=&#8220;default&#8220; global_colors_info=&#8220;{}&#8220;]<\/p>\n<h2>Schulwegplan<\/h2>\n<p>[\/et_pb_text][\/et_pb_column][\/et_pb_row][et_pb_row _builder_version=&#8220;4.17.6&#8243; _module_preset=&#8220;default&#8220; global_colors_info=&#8220;{}&#8220;][et_pb_column type=&#8220;4_4&#8243; _builder_version=&#8220;4.17.6&#8243; _module_preset=&#8220;default&#8220; global_colors_info=&#8220;{}&#8220;][et_pb_image src=&#8220;https:\/\/lindenschule-hohenacker.de\/site\/wp-content\/uploads\/2022\/08\/Schulwegplan-Bild.jpg&#8220; title_text=&#8220;Schulwegplan Bild&#8220; align=&#8220;center&#8220; _builder_version=&#8220;4.17.6&#8243; _module_preset=&#8220;default&#8220; width=&#8220;50%&#8220; max_width=&#8220;50%&#8220; global_colors_info=&#8220;{}&#8220;][\/et_pb_image][\/et_pb_column][\/et_pb_row][et_pb_row _builder_version=&#8220;4.17.6&#8243; _module_preset=&#8220;default&#8220; global_colors_info=&#8220;{}&#8220;][et_pb_column type=&#8220;4_4&#8243; _builder_version=&#8220;4.17.6&#8243; _module_preset=&#8220;default&#8220; global_colors_info=&#8220;{}&#8220;][et_pb_text _builder_version=&#8220;4.17.6&#8243; _module_preset=&#8220;default&#8220; hover_enabled=&#8220;0&#8243; global_colors_info=&#8220;{}&#8220; text_orientation=&#8220;justified&#8220; sticky_enabled=&#8220;0&#8243;]<\/p>\n<ul>\n<li>Zum Erwachsenwerden geh\u00f6rt, dass ein Kind lernt, sich immer besser in seiner Umwelt zurechtzufinden und sich zu behaupten. Dazu geh\u00f6rt auch, dass es Verantwortung \u00fcbernimmt und lernt <strong>seinen Schulweg alleine zu bew\u00e4ltigen<\/strong>. <strong>In der Regel sollte ihr Kind den Schulweg zu Fu\u00df zur\u00fccklegen.<\/strong> Au\u00dferdem ist es ges\u00fcnder sich auch bei schlechtem Wetter im Freien zu bewegen.<\/li>\n<li>Vorrausgehen muss, dass das Kind <strong>Regeln und Verhaltensweisen lernt,<\/strong> die es ihm erm\u00f6glichen, den Schulweg selbst\u00e4ndig und angstfrei zu bew\u00e4ltigen.<\/li>\n<li>Vor der Einschulung bzw. bei der Neuanmeldung bei Zugzug erhalten die Eltern den <strong>obrigen offiziellen Schulwegeplan der Stadt Waiblingen<\/strong>. In diesem sind die sichersten Schulwege und Gefahrenstellen grafisch dargestellt.<\/li>\n<li><strong>Der sicherste Schulweg ist nicht immer der K\u00fcrzeste. Manchmal kann ein kurzer Umweg zur n\u00e4chsten Fu\u00dfg\u00e4ngerampel der sichere Weg sein.<\/strong><\/li>\n<li>Sollten Sie Ihr Kind mit dem Auto in die Schule fahren, beachten Sie bitte unbedingt, <strong>dass Sie Ihr Kind im Parkplatz ein &#8211; oder aussteigen lassen. Auf keinen Fall sollten Sie vor der Schule parken oder auf der gegen\u00fcberliegenden Stra\u00dfenseite, da Sie damit Ihr Kind aber auch andere Kinder gef\u00e4hrden.<\/strong><\/li>\n<li>Den Schulweg mit dem <strong>Fahrrad<\/strong> zur\u00fcckzulegen, birgt f\u00fcr Kinder viele Risiken. Deshalb sollten die Sch\u00fcler <strong>erst nach der bestandenen Fahrradpr\u00fcfung<\/strong> mit dem Rad in die Schule fahren.<\/li>\n<li>Wenn Ihr Kind mit dem <strong>Roller<\/strong> zur Schule kommt, sollte dieser auch unten am Fahrradst\u00e4nder geparkt und angschlossen werden.<\/li>\n<\/ul>\n<p>[\/et_pb_text][\/et_pb_column][\/et_pb_row][\/et_pb_section]<\/p>\n","protected":false},"excerpt":{"rendered":"<p>Schulwegplan Zum Erwachsenwerden geh\u00f6rt, dass ein Kind lernt, sich immer besser in seiner Umwelt zurechtzufinden und sich zu behaupten. Dazu geh\u00f6rt auch, dass es Verantwortung \u00fcbernimmt und lernt seinen Schulweg [&hellip;]<\/p>\n","protected":false},"author":1,"featured_media":0,"parent":0,"menu_order":0,"comment_status":"closed","ping_status":"closed","template":"","meta":{"_et_pb_use_builder":"on","_et_pb_old_content":"","_et_gb_content_width":"","footnotes":""},"class_list":["post-238828","page","type-page","status-publish","hentry"],"_links":{"self":[{"href":"https:\/\/lindenschule-hohenacker.de\/site\/wp-json\/wp\/v2\/pages\/238828","targetHints":{"allow":["GET"]}}],"collection":[{"href":"https:\/\/lindenschule-hohenacker.de\/site\/wp-json\/wp\/v2\/pages"}],"about":[{"href":"https:\/\/lindenschule-hohenacker.de\/site\/wp-json\/wp\/v2\/types\/page"}],"author":[{"embeddable":true,"href":"https:\/\/lindenschule-hohenacker.de\/site\/wp-json\/wp\/v2\/users\/1"}],"replies":[{"embeddable":true,"href":"https:\/\/lindenschule-hohenacker.de\/site\/wp-json\/wp\/v2\/comments?post=238828"}],"version-history":[{"count":13,"href":"https:\/\/lindenschule-hohenacker.de\/site\/wp-json\/wp\/v2\/pages\/238828\/revisions"}],"predecessor-version":[{"id":239335,"href":"https:\/\/lindenschule-hohenacker.de\/site\/wp-json\/wp\/v2\/pages\/238828\/revisions\/239335"}],"wp:attachment":[{"href":"https:\/\/lindenschule-hohenacker.de\/site\/wp-json\/wp\/v2\/media?parent=238828"}],"curies":[{"name":"wp","href":"https:\/\/api.w.org\/{rel}","templated":true}]}}