{"id":238835,"date":"2022-07-18T13:28:31","date_gmt":"2022-07-18T13:28:31","guid":{"rendered":"https:\/\/lindenschule-hohenacker.de\/site\/?page_id=238835"},"modified":"2025-09-22T14:45:07","modified_gmt":"2025-09-22T12:45:07","slug":"schulsozialarbeit","status":"publish","type":"page","link":"https:\/\/lindenschule-hohenacker.de\/site\/schulsozialarbeit\/","title":{"rendered":"Schulsozialarbeit"},"content":{"rendered":"<p>[et_pb_section fb_built=&#8220;1&#8243; _builder_version=&#8220;4.17.6&#8243; _module_preset=&#8220;default&#8220; global_colors_info=&#8220;{}&#8220;][et_pb_row _builder_version=&#8220;4.18.0&#8243; _module_preset=&#8220;default&#8220; global_colors_info=&#8220;{}&#8220;][et_pb_column type=&#8220;4_4&#8243; _builder_version=&#8220;4.17.6&#8243; _module_preset=&#8220;default&#8220; global_colors_info=&#8220;{}&#8220;][et_pb_text admin_label=&#8220;Text&#8220; _builder_version=&#8220;4.27.0&#8243; _module_preset=&#8220;default&#8220; text_orientation=&#8220;justified&#8220; global_colors_info=&#8220;{}&#8220;]<\/p>\n<h2>Schulsozialarbeit<\/h2>\n<p>[\/et_pb_text][\/et_pb_column][\/et_pb_row][et_pb_row _builder_version=&#8220;4.21.0&#8243; _module_preset=&#8220;default&#8220; collapsed=&#8220;off&#8220; global_colors_info=&#8220;{}&#8220;][et_pb_column type=&#8220;4_4&#8243; _builder_version=&#8220;4.17.6&#8243; _module_preset=&#8220;default&#8220; global_colors_info=&#8220;{}&#8220;][et_pb_text _builder_version=&#8220;4.27.0&#8243; _module_preset=&#8220;default&#8220; text_orientation=&#8220;justified&#8220; hover_enabled=&#8220;0&#8243; global_colors_info=&#8220;{}&#8220; sticky_enabled=&#8220;0&#8243;]<\/p>\n<p>Seit Januar 2025 habe ich meinen Platz als Schulsozialarbeiterin an der Lindenschule gefunden. In meiner p\u00e4dagogischen Arbeit liegt mir besonders das Wohl der Kinder am Herzen. Ich freue mich, sie im Schulleben zu unterst\u00fctzen und zu begleiten sowie in einer guten Zusammenarbeit mit allen am Schulleben beteiligten Menschen einen positiven Lernort Schule zu gestalten.<\/p>\n<p>Was ist die Schulsozialarbeit?<br \/>Die Schulsozialarbeit ist ein eigenst\u00e4ndiges, freiwilliges Angebot der Kinder- und Jugendhilfe im Lebensraum Schule. Sie m\u00f6chte Sch\u00fclerinnen und Sch\u00fcler in ihrem Schulalltag begleiten und sie in ihrer Pers\u00f6nlichkeitsentwicklung unterst\u00fctzen.<br \/>Die Schulsozialarbeiterin ber\u00e4t, h\u00f6rt zu, informiert, begleitet und versucht bei allen Themen und Problemen des Lebens (Freunde, Eltern, Schule, Noten, etc.) zu helfen.<br \/>In ihrer Arbeit arbeitet die Schulsozialarbeit eng mit den am Schulleben beteiligten Personen zusammen. Um einen sicheren Rahmen und eine vertrauensvolle Basis f\u00fcr Gespr\u00e4che zu schaffen, unterliegt sie aber der Schweigepflicht \u00fcber anvertraute Gespr\u00e4chsinhalte.<\/p>\n<p><em>Kontakt:<\/em><\/p>\n<p><em><strong>Sofie Heitzler<\/strong><\/em><\/p>\n<p>07151 5001 4632<br \/>01578 0666360<br \/>Sofie.heitzler@waiblingen.de<\/p>\n<p><em>Sprechzeiten:<\/em><\/p>\n<p>Montag: 8:00 Uhr &#8211; 14:30 Uhr<br \/>Dienstag: 8:00 Uhr &#8211; 11:00 Uhr<br \/>Mittwoch: 11:00 Uhr &#8211; 14:30 Uhr<br \/>Donnerstag: 8:00 Uhr &#8211; 11:30 Uhr<br \/>Freitag: 8:00 Uhr &#8211; 13:15 Uhr<\/p>\n<p>\u2026 oder auch au\u00dferhalb dieser Zeiten mit Termin.<\/p>\n<p>[\/et_pb_text][\/et_pb_column][\/et_pb_row][\/et_pb_section]<\/p>\n","protected":false},"excerpt":{"rendered":"<p>SchulsozialarbeitSeit Januar 2025 habe ich meinen Platz als Schulsozialarbeiterin an der Lindenschule gefunden. In meiner p\u00e4dagogischen Arbeit liegt mir besonders das Wohl der Kinder am Herzen. Ich freue mich, sie [&hellip;]<\/p>\n","protected":false},"author":1,"featured_media":0,"parent":0,"menu_order":0,"comment_status":"closed","ping_status":"closed","template":"","meta":{"_et_pb_use_builder":"on","_et_pb_old_content":"","_et_gb_content_width":"","footnotes":""},"class_list":["post-238835","page","type-page","status-publish","hentry"],"_links":{"self":[{"href":"https:\/\/lindenschule-hohenacker.de\/site\/wp-json\/wp\/v2\/pages\/238835","targetHints":{"allow":["GET"]}}],"collection":[{"href":"https:\/\/lindenschule-hohenacker.de\/site\/wp-json\/wp\/v2\/pages"}],"about":[{"href":"https:\/\/lindenschule-hohenacker.de\/site\/wp-json\/wp\/v2\/types\/page"}],"author":[{"embeddable":true,"href":"https:\/\/lindenschule-hohenacker.de\/site\/wp-json\/wp\/v2\/users\/1"}],"replies":[{"embeddable":true,"href":"https:\/\/lindenschule-hohenacker.de\/site\/wp-json\/wp\/v2\/comments?post=238835"}],"version-history":[{"count":44,"href":"https:\/\/lindenschule-hohenacker.de\/site\/wp-json\/wp\/v2\/pages\/238835\/revisions"}],"predecessor-version":[{"id":245557,"href":"https:\/\/lindenschule-hohenacker.de\/site\/wp-json\/wp\/v2\/pages\/238835\/revisions\/245557"}],"wp:attachment":[{"href":"https:\/\/lindenschule-hohenacker.de\/site\/wp-json\/wp\/v2\/media?parent=238835"}],"curies":[{"name":"wp","href":"https:\/\/api.w.org\/{rel}","templated":true}]}}