{"id":238843,"date":"2022-07-18T13:30:10","date_gmt":"2022-07-18T13:30:10","guid":{"rendered":"https:\/\/lindenschule-hohenacker.de\/site\/?page_id=238843"},"modified":"2025-05-20T16:29:15","modified_gmt":"2025-05-20T14:29:15","slug":"schulseelsorge","status":"publish","type":"page","link":"https:\/\/lindenschule-hohenacker.de\/site\/schulseelsorge\/","title":{"rendered":"Schulseelsorge"},"content":{"rendered":"<p>[et_pb_section fb_built=&#8220;1&#8243; _builder_version=&#8220;4.17.6&#8243; _module_preset=&#8220;default&#8220; global_colors_info=&#8220;{}&#8220;][et_pb_row _builder_version=&#8220;4.17.6&#8243; _module_preset=&#8220;default&#8220; global_colors_info=&#8220;{}&#8220;][et_pb_column type=&#8220;4_4&#8243; _builder_version=&#8220;4.17.6&#8243; _module_preset=&#8220;default&#8220; global_colors_info=&#8220;{}&#8220;][et_pb_text _builder_version=&#8220;4.17.6&#8243; _module_preset=&#8220;default&#8220; global_colors_info=&#8220;{}&#8220;]<\/p>\n<h2>Schulseelsorge<\/h2>\n<p>[\/et_pb_text][\/et_pb_column][\/et_pb_row][et_pb_row column_structure=&#8220;1_2,1_2&#8243; _builder_version=&#8220;4.17.6&#8243; _module_preset=&#8220;default&#8220; global_colors_info=&#8220;{}&#8220;][et_pb_column type=&#8220;1_2&#8243; _builder_version=&#8220;4.17.6&#8243; _module_preset=&#8220;default&#8220; global_colors_info=&#8220;{}&#8220;][et_pb_text _builder_version=&#8220;4.27.0&#8243; _module_preset=&#8220;default&#8220; global_colors_info=&#8220;{}&#8220;]<\/p>\n<p><strong>Ein Sonnenstrahl f\u00fcr dich!<img loading=\"lazy\" decoding=\"async\" class=\"alignright wp-image-239795 size-thumbnail\" src=\"https:\/\/lindenschule-hohenacker.de\/site\/wp-content\/uploads\/2022\/08\/Sonnenstrahl-Grafik-150x150.jpg\" alt=\"\" width=\"150\" height=\"150\" \/><\/strong><\/p>\n<p><strong>Schulseelsorge an der Lindenschule<\/strong><\/p>\n<p style=\"text-align: justify;\">Schulseelsorge will mithelfen, dass die Lindenschule ein Ort ist, an dem man sich angenommen, wertgesch\u00e4tzt und geborgen f\u00fchlen kann.<\/p>\n<p>Sie richtet sich an alle am Schulleben Beteiligte unabh\u00e4ngig davon, welcher Religion oder Konfession sie angeh\u00f6ren, und legt Wert auf Gastfreundschaft, partnerschaftliche Zusammenarbeit und Partizipation sowie eine offene und faire Kommunikation. Die Teilnahme an schulseelsorgerlichen Angeboten ist freiwillig.<\/p>\n<p>Schulseelsorge setzt sich daf\u00fcr ein, dass neben dem Lernen, dem aktiv und kreativ Sein auch das Innehalten einen Platz bei uns an der Schule hat, damit Zeit zum Nachdenken \u00fcber sich selbst und Gott und die Welt bleibt und Mut und Kraft zum solidarischen Handeln w\u00e4chst.<\/p>\n<p>Deshalb will Schulseelsorge im Schulalltag Raum geben<\/p>\n<ul>\n<li>um gemeinsam das Leben zu feiern<\/li>\n<li>zum Entspannen und Loslassen<\/li>\n<li>um Sorge, N\u00f6te und Freuden zu teilen<\/li>\n<li>um anderen zu helfen und sich f\u00fcr andere einzusetzen<\/li>\n<li>um still zu werden und zur Ruhe zu finden<\/li>\n<li>um Gott zu entdecken<\/li>\n<\/ul>\n<p>&nbsp;<\/p>\n<p><strong>Angebote der Schulseelsorge:<\/strong><\/p>\n<ul>\n<li><strong>Lernpatenschaften \u2013 ein Kooperationsprojekt mit der katholischen Kirchengemeinde St. Maria\u00a0 <\/strong>&#8211; Ehrenamtliche Frauen und M\u00e4nner helfen Kindern an der Lindenschule beim Lernen.<\/li>\n<\/ul>\n<ul>\n<li><strong>Pause auf der Ruhe-Insel <\/strong>&#8211; Kleine Auszeit f\u00fcr Sch\u00fcler und Sch\u00fclerinnen im Schulalltag<\/li>\n<\/ul>\n<ul>\n<li><strong>Baum der guten W\u00fcnsche <\/strong>&#8211; Sich gegenseitig im Blick habe, sich wertsch\u00e4tzen<\/li>\n<\/ul>\n<ul>\n<li><strong>Gottesdienste<\/strong> zur Einschulung, im Advent und am Schuljahresende<\/li>\n<li><strong>und anderes mehr<\/strong><\/li>\n<\/ul>\n<p>&nbsp;<\/p>\n<p><strong>Das Schulseelsorgeteam der Lindenschule:<\/strong><\/p>\n<p>Roswitha Geiger ( Religionslehrerin, rk, Schulseelsorgerin)<\/p>\n<p><a href=\"mailto:roswitha.geiger@bw.schule\">roswitha.geiger@bw.schule<\/a><\/p>\n<p>Marius B\u00f6hmerle (Pfarrer, Religionslehrer, ev)<\/p>\n<p><a href=\"mailto:marius.boehmerle@bw.schule\">marius.boehmerle@bw.schule<\/a><\/p>\n<p>Sofie Heitzler (Schulsozialarbeiterin)<\/p>\n<p><a href=\"mailto:sofie.heitzler@waiblingen.de\">sofie.heitzler@waiblingen.de<\/a><\/p>\n<p>Kerstin Hochenrieder (Gemeindereferentin, kath. Kirchengemeinde St. Maria)<\/p>\n<p><a href=\"mailto:kerstin.hochenrieder@drs.de\">kerstin.hochenrieder@drs.de<\/a><\/p>\n<p>[\/et_pb_text][\/et_pb_column][et_pb_column type=&#8220;1_2&#8243; _builder_version=&#8220;4.17.6&#8243; _module_preset=&#8220;default&#8220; global_colors_info=&#8220;{}&#8220;][et_pb_team_member name=&#8220;Roswitha Geiger&#8220; position=&#8220;Schulseelsorgerin&#8220; image_url=&#8220;https:\/\/lindenschule-hohenacker.de\/site\/wp-content\/uploads\/2025\/05\/Roswitha-Bild.1-e1747750786259.png&#8220; _builder_version=&#8220;4.27.0&#8243; _module_preset=&#8220;default&#8220; width=&#8220;40%&#8220; max_width=&#8220;40%&#8220; module_alignment=&#8220;right&#8220; min_height=&#8220;394px&#8220; height=&#8220;371px&#8220; max_height=&#8220;381px&#8220; box_shadow_style_image=&#8220;preset4&#8243; global_colors_info=&#8220;{}&#8220;][\/et_pb_team_member][et_pb_text content_last_edited=&#8220;off|desktop&#8220; _builder_version=&#8220;4.27.0&#8243; _module_preset=&#8220;default&#8220; text_orientation=&#8220;justified&#8220; hover_enabled=&#8220;0&#8243; global_colors_info=&#8220;{}&#8220; sticky_enabled=&#8220;0&#8243;]<\/p>\n<p>Guten Tag,<br \/>ich bin Roswitha Geiger, Schulseelsorgerin an der Lindenschule.<\/p>\n<p>An der Lindenschule unterrichte ich schon viele Jahre katholische Religion, und seit dem Schuljahr 2021\/2022 bin ich nach einer dreij\u00e4hrigen Weiterbildung von der Di\u00f6zese Rottenburg-Stuttgart zur Schulseelsorgerin beauftragt worden. Zwei Stunden pro Woche meines Deputats sind f\u00fcr dieses Aufgabenfeld reserviert.<br \/>Die Menschen an der Lindenschule, Sch\u00fclerinnen und Sch\u00fcler, Lehrer und Lehrerinnen, Eltern, Angestellte,\u2026 liegen mir am Herzen und als Schulseelsorgerin m\u00f6chte ich daran mitwirken, dass an unserer Schule ein guter Geist weht und sich alle wahrgenommen und gesch\u00e4tzt f\u00fchlen.<br \/>Gemeinsam mit dem Schulseelsorgeteam werde ich meinen Blick darauf richten, was die Menschen an der Lindenschule neben dem Lernen, Lehren, Organisieren, \u2026 noch brauchen, um im Gleichgewicht zu sein und ihre Seele baumeln lassen zu k\u00f6nnen.<\/p>\n<p>Herzliche Gr\u00fc\u00dfe, Roswitha Geiger<\/p>\n<p>E-Mail: <a href=\"mailto:roswitha.geiger@bw.schule\">roswitha.geiger@bw.schule<\/a><\/p>\n<p>&nbsp;<\/p>\n<p>[\/et_pb_text][et_pb_image _builder_version=&#8220;4.27.0&#8243; _module_preset=&#8220;default&#8220; title_text=&#8220;Ohne Titel 2.1&#8243; src=&#8220;https:\/\/lindenschule-hohenacker.de\/site\/wp-content\/uploads\/2025\/05\/Ohne-Titel-2.1-e1747751195467.jpeg&#8220; align=&#8220;right&#8220; hover_enabled=&#8220;0&#8243; sticky_enabled=&#8220;0&#8243;][\/et_pb_image][\/et_pb_column][\/et_pb_row][et_pb_row column_structure=&#8220;1_3,1_3,1_3&#8243; _builder_version=&#8220;4.17.6&#8243; _module_preset=&#8220;default&#8220; collapsed=&#8220;on&#8220; global_colors_info=&#8220;{}&#8220;][et_pb_column type=&#8220;1_3&#8243; _builder_version=&#8220;4.17.6&#8243; _module_preset=&#8220;default&#8220; global_colors_info=&#8220;{}&#8220;][\/et_pb_column][et_pb_column type=&#8220;1_3&#8243; _builder_version=&#8220;4.17.6&#8243; _module_preset=&#8220;default&#8220; global_colors_info=&#8220;{}&#8220;][\/et_pb_column][et_pb_column type=&#8220;1_3&#8243; _builder_version=&#8220;4.17.6&#8243; _module_preset=&#8220;default&#8220; global_colors_info=&#8220;{}&#8220;][\/et_pb_column][\/et_pb_row][\/et_pb_section]<\/p>\n","protected":false},"excerpt":{"rendered":"<p>SchulseelsorgeEin Sonnenstrahl f\u00fcr dich! Schulseelsorge an der Lindenschule Schulseelsorge will mithelfen, dass die Lindenschule ein Ort ist, an dem man sich angenommen, wertgesch\u00e4tzt und geborgen f\u00fchlen kann. Sie richtet sich [&hellip;]<\/p>\n","protected":false},"author":1,"featured_media":0,"parent":0,"menu_order":0,"comment_status":"closed","ping_status":"closed","template":"","meta":{"_et_pb_use_builder":"on","_et_pb_old_content":"","_et_gb_content_width":"","footnotes":""},"class_list":["post-238843","page","type-page","status-publish","hentry"],"_links":{"self":[{"href":"https:\/\/lindenschule-hohenacker.de\/site\/wp-json\/wp\/v2\/pages\/238843","targetHints":{"allow":["GET"]}}],"collection":[{"href":"https:\/\/lindenschule-hohenacker.de\/site\/wp-json\/wp\/v2\/pages"}],"about":[{"href":"https:\/\/lindenschule-hohenacker.de\/site\/wp-json\/wp\/v2\/types\/page"}],"author":[{"embeddable":true,"href":"https:\/\/lindenschule-hohenacker.de\/site\/wp-json\/wp\/v2\/users\/1"}],"replies":[{"embeddable":true,"href":"https:\/\/lindenschule-hohenacker.de\/site\/wp-json\/wp\/v2\/comments?post=238843"}],"version-history":[{"count":27,"href":"https:\/\/lindenschule-hohenacker.de\/site\/wp-json\/wp\/v2\/pages\/238843\/revisions"}],"predecessor-version":[{"id":245174,"href":"https:\/\/lindenschule-hohenacker.de\/site\/wp-json\/wp\/v2\/pages\/238843\/revisions\/245174"}],"wp:attachment":[{"href":"https:\/\/lindenschule-hohenacker.de\/site\/wp-json\/wp\/v2\/media?parent=238843"}],"curies":[{"name":"wp","href":"https:\/\/api.w.org\/{rel}","templated":true}]}}