{"id":238975,"date":"2022-07-18T15:03:06","date_gmt":"2022-07-18T15:03:06","guid":{"rendered":"https:\/\/lindenschule-hohenacker.de\/site\/?page_id=238975"},"modified":"2022-10-04T22:37:56","modified_gmt":"2022-10-04T20:37:56","slug":"alles-ueber-die-gfk","status":"publish","type":"page","link":"https:\/\/lindenschule-hohenacker.de\/site\/alles-ueber-die-gfk\/","title":{"rendered":"Alles \u00fcber die GFK"},"content":{"rendered":"<p>[et_pb_section fb_built=&#8220;1&#8243; _builder_version=&#8220;4.17.6&#8243; _module_preset=&#8220;default&#8220; global_colors_info=&#8220;{}&#8220;][et_pb_row _builder_version=&#8220;4.17.6&#8243; _module_preset=&#8220;default&#8220; global_colors_info=&#8220;{}&#8220;][et_pb_column type=&#8220;4_4&#8243; _builder_version=&#8220;4.17.6&#8243; _module_preset=&#8220;default&#8220; global_colors_info=&#8220;{}&#8220;][et_pb_text _builder_version=&#8220;4.18.0&#8243; _module_preset=&#8220;default&#8220; global_colors_info=&#8220;{}&#8220;]<\/p>\n<h2>Alles \u00fcber die GFK<\/h2>\n<p>[\/et_pb_text][et_pb_text _builder_version=&#8220;4.18.0&#8243; _module_preset=&#8220;default&#8220; text_orientation=&#8220;justified&#8220; hover_enabled=&#8220;0&#8243; global_colors_info=&#8220;{}&#8220; sticky_enabled=&#8220;0&#8243;]<\/p>\n<p align=\"center\"><strong>Die Grundschulf\u00f6rderklasse &#8211; <\/strong><\/p>\n<p align=\"center\"><strong>eine Chance f\u00fcr Kind\u00a0<\/strong><\/p>\n<p>&nbsp;<\/p>\n<p><strong>\u00a0\u00a0\u00a0\u00a0\u00a0\u00a0\u00a0\u00a0\u00a0\u00a0\u00a0\u00a0\u00a0\u00a0\u00a0\u00a0\u00a0\u00a0\u00a0\u00a0\u00a0\u00a0\u00a0\u00a0\u00a0\u00a0\u00a0\u00a0\u00a0\u00a0\u00a0\u00a0\u00a0\u00a0\u00a0\u00a0\u00a0\u00a0<span style=\"color: #339966;\"> G<\/span><\/strong>rundschul<span style=\"color: #339966;\"><strong>f<\/strong><\/span>\u00f6rder<span style=\"color: #339966;\"><strong>k<\/strong><\/span>lasse<\/p>\n<p><strong>\u00a0\u00a0\u00a0\u00a0\u00a0\u00a0\u00a0\u00a0\u00a0\u00a0\u00a0\u00a0\u00a0\u00a0\u00a0\u00a0\u00a0\u00a0\u00a0\u00a0\u00a0\u00a0\u00a0\u00a0\u00a0\u00a0\u00a0\u00a0\u00a0\u00a0\u00a0\u00a0\u00a0\u00a0\u00a0\u00a0\u00a0\u00a0\u00a0\u00a0\u00a0\u00a0\u00a0\u00a0\u00a0\u00a0\u00a0\u00a0\u00a0 <span style=\"color: #339966;\">G<\/span><\/strong>rundlagen schaffen<\/p>\n<p><strong>\u00a0\u00a0\u00a0\u00a0\u00a0\u00a0\u00a0\u00a0\u00a0\u00a0\u00a0\u00a0\u00a0\u00a0\u00a0\u00a0\u00a0\u00a0\u00a0\u00a0\u00a0\u00a0\u00a0\u00a0\u00a0\u00a0\u00a0\u00a0\u00a0\u00a0\u00a0\u00a0\u00a0\u00a0\u00a0\u00a0\u00a0\u00a0\u00a0\u00a0\u00a0\u00a0\u00a0\u00a0\u00a0\u00a0\u00a0\u00a0\u00a0\u00a0\u00a0\u00a0\u00a0\u00a0\u00a0\u00a0 <span style=\"color: #339966;\">F<\/span><\/strong>\u00f6rderung erm\u00f6glichen<\/p>\n<p><strong>\u00a0\u00a0\u00a0\u00a0\u00a0\u00a0\u00a0\u00a0\u00a0\u00a0\u00a0\u00a0\u00a0\u00a0\u00a0\u00a0\u00a0\u00a0\u00a0\u00a0\u00a0\u00a0\u00a0\u00a0\u00a0\u00a0\u00a0\u00a0\u00a0\u00a0\u00a0\u00a0\u00a0\u00a0\u00a0\u00a0\u00a0\u00a0\u00a0\u00a0\u00a0\u00a0\u00a0\u00a0\u00a0\u00a0\u00a0\u00a0\u00a0\u00a0\u00a0\u00a0\u00a0\u00a0\u00a0\u00a0\u00a0\u00a0\u00a0\u00a0\u00a0\u00a0 <span style=\"color: #339966;\">K<\/span><\/strong>ompetenzen entwickeln<\/p>\n<p>&nbsp;<\/p>\n<p><em><strong>Was ist die Grundschulf\u00f6rderklasse?<\/strong><\/em><\/p>\n<p>Die Grundschulf\u00f6rderklasse ist ein Angebot innerhalb des \u00dcbergangs von der Kindertageseinrichtung zur Grundschule.<\/p>\n<p>In dem Jahr, in dem schulpflichtige Kinder vom Schulbesuch zur\u00fcckgestellt und in der Grundschulf\u00f6rderklasse beschult werden, findet eine gezielte und intensive Vorbereitung auf die 1.Klasse statt. Die Kinder erhalten ein individuelles Lern- sowie Spielangebot und erwerben die F\u00e4higkeiten und Fertigkeiten, die f\u00fcr einen erfolgreichen Schulstart wichtig sind.<\/p>\n<p><strong><em>Was sind die Aufgaben der Grundschulf\u00f6rderklasse?<\/em><\/strong><\/p>\n<p>Die Grundschulf\u00f6rderklasse hat die Aufgabe, schulpflichtige, vom Schulbesuch zur\u00fcckgestellte Kinder zur Grundschulf\u00e4higkeit zu f\u00fchren. Durch gezielte F\u00f6rderung und freies Spielen sollen sie in ihrer geistigen, seelischen und k\u00f6rperlichen Entwicklung so gef\u00f6rdert werden, dass eine Aufnahme in die Grundschule m\u00f6glich ist. Hierbei kommt dem sozialen Lernen innerhalb der Gruppe besondere Bedeutung zu.<\/p>\n<p>Die F\u00f6rderung geschieht ohne Erfolgsdruck im individuellen Lerntempo eines jeden Kindes. Die Kinder erhalten die Chance in einer kleinen Klasse mit Gleichaltrigen behutsam und in kleinen Schritten sich den Anforderungen der ersten Klasse zu n\u00e4hern. In der Grundschulf\u00f6rderklasse werden bestm\u00f6gliche Voraussetzungen f\u00fcr die erste Klasse geschaffen.<\/p>\n<p><strong><em>Wie wird in der Grundschulf\u00f6rderklasse gearbeitet?<\/em><\/strong><\/p>\n<p>Der Unterricht orientiert sich an den Bed\u00fcrfnissen der Sch\u00fclerinnen und Sch\u00fcler. Wir lernen handlungsbezogen, spielerisch, mit allen Sinnen und \u00fcber motorische Aktivit\u00e4ten.<\/p>\n<p>Da die Lehrerin der Grundschulf\u00f6rderklasse eine Zusatzausbildung in der Montessorip\u00e4dagogik mit Montessori Diplom hat, ist die Montessorip\u00e4dagogik ein fester Bestandteil ihrer Arbeit.<\/p>\n<p><strong><em>An welchen Inhalten wird in der Grundschulf\u00f6rderklasse gearbeitet?<\/em><\/strong><\/p>\n<p>Die Lern- und Arbeitsinhalte orientieren sich an einem jahreszeitlich ausgerichteten Themenplan und an der Erfahrungswelt der Kinder.<\/p>\n<p>Ganzheitliche F\u00f6rderung von:<\/p>\n<ul>\n<li>Selbstvertrauen<\/li>\n<li>Selbst\u00e4ndigkeit<\/li>\n<li>Sozialverhalten<\/li>\n<li>Sprache, Kommunikation sowie phonologische Bewusstheit<\/li>\n<li>Mathematischen Grundkenntnissen<\/li>\n<li>Grob-, Fein- und Grafomotorik<\/li>\n<li>Konzentration und Ausdauer<\/li>\n<li>Anstrengungsbereitschaft<\/li>\n<li>Aufgabenverst\u00e4ndnis<\/li>\n<li>Denkf\u00e4higkeit<\/li>\n<\/ul>\n<p>&nbsp;<\/p>\n<p><strong><em>Welchen organisatorischen Rahmen hat die Grundschulf\u00f6rderklasse?<\/em><\/strong><\/p>\n<ul>\n<li>Die Grundschulf\u00f6rderklasse ist ein einj\u00e4hriger Bildungsgang; sie ist Teil der Grundschule.<\/li>\n<li>Die Kinder haben Unterricht nach einem festgelegten Stundenplan.<\/li>\n<li>Die Aufnahme erwartet regelm\u00e4\u00dfigen und p\u00fcnktlichen Besuch.<\/li>\n<li>Es gelten die Regelungen der Schul- und Hausordnung.<\/li>\n<li>Es gibt regelm\u00e4\u00dfig kleine Hausaufgaben.<\/li>\n<li>Feste, Feiern und Projekte gemeinsam mit der Grundschule.<\/li>\n<li>Es gilt die Ferienregelung der Grundschule.<\/li>\n<li>Die Grundschulf\u00f6rderklasse wird von einer p\u00e4dagogischen Fachkraft geleitet.<\/li>\n<li>Die Grundschulf\u00f6rderklasse bietet das Angebot der engen vertrauensvollen Zusammenarbeit mit Eltern, Kindertageseinrichtung, Grundschule und au\u00dferschulischen Partnern.<\/li>\n<li>Der Besuch der Grundschulf\u00f6rderklasse ist kostenfrei.<\/li>\n<li>Bei uns an der Lindenschule sind wir die<\/li>\n<\/ul>\n<p><img loading=\"lazy\" decoding=\"async\" class=\"wp-image-238978 size-medium aligncenter\" src=\"https:\/\/lindenschule-hohenacker.de\/site\/wp-content\/uploads\/2022\/07\/Drachenklasse-300x272.jpg\" alt=\"\" width=\"300\" height=\"272\" \/><\/p>\n<p><strong><em>Welche Kinder besuchen die Grundschulf\u00f6rderklasse?<\/em><\/strong><\/p>\n<p>Schulpflichtige Kinder mit einer nicht altersentsprechenden Entwicklung, die durch eine gezielte F\u00f6rderung die Grundschulf\u00e4higkeit erlangen k\u00f6nnen.<\/p>\n<p>Unsere Grundschulf\u00f6rderklasse an der Lindenschule nimmt Kinder aus den Grundschulbereichen Hohenacker, Neustadt, Hegnach, Bittenfeld und Schwaikheim auf.<\/p>\n<p><strong><em>Welche Kinder k\u00f6nnen nicht aufgenommen werden?<br \/><\/em><\/strong><\/p>\n<p>Kinder mit Behinderungen, f\u00fcr die ein sonderp\u00e4dagogischer F\u00f6rderbedarf besteht, werden nicht in die Grundschulf\u00f6rderklasse aufgenommen.<\/p>\n<p>Dasselbe gilt f\u00fcr Kinder, die Defizite ausschlie\u00dflich im Beherrschen der deutschen Sprache haben.<\/p>\n<p>F\u00fcr diese Kinder sind andere F\u00f6rderma\u00dfnahmen vorgesehen. Die zust\u00e4ndige Grundschule kann Ihnen bei der Suche nach einer ad\u00e4quaten Einrichtung zur F\u00f6rderung dieser Kinder behilflich sein.<\/p>\n<p>&nbsp;<\/p>\n<p>[\/et_pb_text][et_pb_testimonial author=&#8220;(M.Montessori, Schule des Kindes S.166)&#8220; _builder_version=&#8220;4.17.6&#8243; _module_preset=&#8220;default&#8220; text_orientation=&#8220;center&#8220; global_colors_info=&#8220;{}&#8220;]<\/p>\n<p style=\"text-align: center;\"><strong><em>&#8222;Der Weg auf dem <\/em><\/strong><strong><em>die Schwachen sich st\u00e4rken,<\/em><\/strong><\/p>\n<p style=\"text-align: center;\"><strong><em>ist der gleiche wie der,<\/em><\/strong><\/p>\n<p style=\"text-align: center;\"><strong><em>auf dem die Starken sich vervollkommnen.&#8220;<\/em><\/strong><\/p>\n<p>[\/et_pb_testimonial][\/et_pb_column][\/et_pb_row][\/et_pb_section]<\/p>\n","protected":false},"excerpt":{"rendered":"<p>Alles \u00fcber die GFKDie Grundschulf\u00f6rderklasse &#8211; eine Chance f\u00fcr Kind\u00a0 &nbsp; \u00a0\u00a0\u00a0\u00a0\u00a0\u00a0\u00a0\u00a0\u00a0\u00a0\u00a0\u00a0\u00a0\u00a0\u00a0\u00a0\u00a0\u00a0\u00a0\u00a0\u00a0\u00a0\u00a0\u00a0\u00a0\u00a0\u00a0\u00a0\u00a0\u00a0\u00a0\u00a0\u00a0\u00a0\u00a0\u00a0\u00a0\u00a0 Grundschulf\u00f6rderklasse \u00a0\u00a0\u00a0\u00a0\u00a0\u00a0\u00a0\u00a0\u00a0\u00a0\u00a0\u00a0\u00a0\u00a0\u00a0\u00a0\u00a0\u00a0\u00a0\u00a0\u00a0\u00a0\u00a0\u00a0\u00a0\u00a0\u00a0\u00a0\u00a0\u00a0\u00a0\u00a0\u00a0\u00a0\u00a0\u00a0\u00a0\u00a0\u00a0\u00a0\u00a0\u00a0\u00a0\u00a0\u00a0\u00a0\u00a0\u00a0\u00a0 Grundlagen schaffen \u00a0\u00a0\u00a0\u00a0\u00a0\u00a0\u00a0\u00a0\u00a0\u00a0\u00a0\u00a0\u00a0\u00a0\u00a0\u00a0\u00a0\u00a0\u00a0\u00a0\u00a0\u00a0\u00a0\u00a0\u00a0\u00a0\u00a0\u00a0\u00a0\u00a0\u00a0\u00a0\u00a0\u00a0\u00a0\u00a0\u00a0\u00a0\u00a0\u00a0\u00a0\u00a0\u00a0\u00a0\u00a0\u00a0\u00a0\u00a0\u00a0\u00a0\u00a0\u00a0\u00a0\u00a0\u00a0\u00a0 F\u00f6rderung erm\u00f6glichen \u00a0\u00a0\u00a0\u00a0\u00a0\u00a0\u00a0\u00a0\u00a0\u00a0\u00a0\u00a0\u00a0\u00a0\u00a0\u00a0\u00a0\u00a0\u00a0\u00a0\u00a0\u00a0\u00a0\u00a0\u00a0\u00a0\u00a0\u00a0\u00a0\u00a0\u00a0\u00a0\u00a0\u00a0\u00a0\u00a0\u00a0\u00a0\u00a0\u00a0\u00a0\u00a0\u00a0\u00a0\u00a0\u00a0\u00a0\u00a0\u00a0\u00a0\u00a0\u00a0\u00a0\u00a0\u00a0\u00a0\u00a0\u00a0\u00a0\u00a0\u00a0\u00a0 Kompetenzen entwickeln &nbsp; Was ist die Grundschulf\u00f6rderklasse? Die Grundschulf\u00f6rderklasse ist [&hellip;]<\/p>\n","protected":false},"author":1,"featured_media":0,"parent":0,"menu_order":0,"comment_status":"closed","ping_status":"closed","template":"","meta":{"_et_pb_use_builder":"on","_et_pb_old_content":"","_et_gb_content_width":"","footnotes":""},"class_list":["post-238975","page","type-page","status-publish","hentry"],"_links":{"self":[{"href":"https:\/\/lindenschule-hohenacker.de\/site\/wp-json\/wp\/v2\/pages\/238975","targetHints":{"allow":["GET"]}}],"collection":[{"href":"https:\/\/lindenschule-hohenacker.de\/site\/wp-json\/wp\/v2\/pages"}],"about":[{"href":"https:\/\/lindenschule-hohenacker.de\/site\/wp-json\/wp\/v2\/types\/page"}],"author":[{"embeddable":true,"href":"https:\/\/lindenschule-hohenacker.de\/site\/wp-json\/wp\/v2\/users\/1"}],"replies":[{"embeddable":true,"href":"https:\/\/lindenschule-hohenacker.de\/site\/wp-json\/wp\/v2\/comments?post=238975"}],"version-history":[{"count":12,"href":"https:\/\/lindenschule-hohenacker.de\/site\/wp-json\/wp\/v2\/pages\/238975\/revisions"}],"predecessor-version":[{"id":240436,"href":"https:\/\/lindenschule-hohenacker.de\/site\/wp-json\/wp\/v2\/pages\/238975\/revisions\/240436"}],"wp:attachment":[{"href":"https:\/\/lindenschule-hohenacker.de\/site\/wp-json\/wp\/v2\/media?parent=238975"}],"curies":[{"name":"wp","href":"https:\/\/api.w.org\/{rel}","templated":true}]}}