{"id":239210,"date":"2022-08-08T08:51:31","date_gmt":"2022-08-08T08:51:31","guid":{"rendered":"https:\/\/lindenschule-hohenacker.de\/site\/?page_id=239210"},"modified":"2025-11-14T13:42:21","modified_gmt":"2025-11-14T12:42:21","slug":"hausmeister","status":"publish","type":"page","link":"https:\/\/lindenschule-hohenacker.de\/site\/hausmeister\/","title":{"rendered":"Hausmeister"},"content":{"rendered":"<p>[et_pb_section fb_built=&#8220;1&#8243; _builder_version=&#8220;4.17.6&#8243; _module_preset=&#8220;default&#8220; global_colors_info=&#8220;{}&#8220;][et_pb_row _builder_version=&#8220;4.17.6&#8243; _module_preset=&#8220;default&#8220; global_colors_info=&#8220;{}&#8220;][et_pb_column type=&#8220;4_4&#8243; _builder_version=&#8220;4.17.6&#8243; _module_preset=&#8220;default&#8220; global_colors_info=&#8220;{}&#8220;][et_pb_text _builder_version=&#8220;4.18.0&#8243; _module_preset=&#8220;default&#8220; text_orientation=&#8220;justified&#8220; global_colors_info=&#8220;{}&#8220;]<\/p>\n<h2>Hausmeister<\/h2>\n<p>[\/et_pb_text][\/et_pb_column][\/et_pb_row][et_pb_row column_structure=&#8220;1_2,1_2&#8243; _builder_version=&#8220;4.17.6&#8243; _module_preset=&#8220;default&#8220; global_colors_info=&#8220;{}&#8220;][et_pb_column type=&#8220;1_2&#8243; _builder_version=&#8220;4.17.6&#8243; _module_preset=&#8220;default&#8220; global_colors_info=&#8220;{}&#8220;][et_pb_text _builder_version=&#8220;4.27.4&#8243; _module_preset=&#8220;default&#8220; text_orientation=&#8220;justified&#8220; hover_enabled=&#8220;0&#8243; global_colors_info=&#8220;{}&#8220; sticky_enabled=&#8220;0&#8243;]<\/p>\n<p>Harry Krommer ist f\u00fcr die Geb\u00e4ude der Lindenschule und der Ganztagesbetreuung zust\u00e4ndig. Er ist t\u00e4glich vor Ort erreichbar von 7 Uhr bis ca. 15 Uhr bzw. telefonisch von 7 Uhr bis 16 Uhr unter 07151\/5001-4621.<br \/>In dringenden F\u00e4llen nach Dienstschluss k\u00f6nnen ab 16 Uhr die Springer-Hausmeister der Stadt Waiblingen unter der Rufnummer 07151\/5001-3381 kontaktiert werden.<br \/>An Urlaubs- und Krankheitstagen von Herrn Krommer besteht die M\u00f6glichkeit sich an Herrn Bogdanoff (Hausmeister Gemeindehalle\/B\u00fcrgerhaus) unter 07151\/5001-1947 zu wenden.<\/p>\n<p>Generell gilt: Vergessene Sportbeutel, Kleidung, Trinkflaschen und \u00e4hnliches kann gerne am n\u00e4chsten Tag in der Schule abgeholt werden \u2013 bitte schauen Sie auch in die Fundkiste im Geb\u00e4ude B.<br \/>Bitte sehen Sie von Kontaktaufnahmen au\u00dferhalb der offiziellen Dienstzeiten unbedingt ab. Vielen Dank.<\/p>\n<p>[\/et_pb_text][\/et_pb_column][et_pb_column type=&#8220;1_2&#8243; _builder_version=&#8220;4.17.6&#8243; _module_preset=&#8220;default&#8220; global_colors_info=&#8220;{}&#8220;][et_pb_image src=&#8220;https:\/\/lindenschule-hohenacker.de\/site\/wp-content\/uploads\/2023\/07\/Harry-Foto-300&#215;200.jpg&#8220; title_text=&#8220;Harry Foto&#8220; align=&#8220;center&#8220; _builder_version=&#8220;4.21.0&#8243; _module_preset=&#8220;default&#8220; global_colors_info=&#8220;{}&#8220;][\/et_pb_image][\/et_pb_column][\/et_pb_row][\/et_pb_section]<\/p>\n","protected":false},"excerpt":{"rendered":"<p>HausmeisterHarry Krommer ist f\u00fcr die Geb\u00e4ude der Lindenschule und der Ganztagesbetreuung zust\u00e4ndig. Er ist t\u00e4glich vor Ort erreichbar von 7 Uhr bis ca. 15 Uhr bzw. telefonisch von 7 Uhr [&hellip;]<\/p>\n","protected":false},"author":2,"featured_media":0,"parent":0,"menu_order":0,"comment_status":"closed","ping_status":"closed","template":"","meta":{"_et_pb_use_builder":"on","_et_pb_old_content":"","_et_gb_content_width":"","footnotes":""},"class_list":["post-239210","page","type-page","status-publish","hentry"],"_links":{"self":[{"href":"https:\/\/lindenschule-hohenacker.de\/site\/wp-json\/wp\/v2\/pages\/239210","targetHints":{"allow":["GET"]}}],"collection":[{"href":"https:\/\/lindenschule-hohenacker.de\/site\/wp-json\/wp\/v2\/pages"}],"about":[{"href":"https:\/\/lindenschule-hohenacker.de\/site\/wp-json\/wp\/v2\/types\/page"}],"author":[{"embeddable":true,"href":"https:\/\/lindenschule-hohenacker.de\/site\/wp-json\/wp\/v2\/users\/2"}],"replies":[{"embeddable":true,"href":"https:\/\/lindenschule-hohenacker.de\/site\/wp-json\/wp\/v2\/comments?post=239210"}],"version-history":[{"count":15,"href":"https:\/\/lindenschule-hohenacker.de\/site\/wp-json\/wp\/v2\/pages\/239210\/revisions"}],"predecessor-version":[{"id":245799,"href":"https:\/\/lindenschule-hohenacker.de\/site\/wp-json\/wp\/v2\/pages\/239210\/revisions\/245799"}],"wp:attachment":[{"href":"https:\/\/lindenschule-hohenacker.de\/site\/wp-json\/wp\/v2\/media?parent=239210"}],"curies":[{"name":"wp","href":"https:\/\/api.w.org\/{rel}","templated":true}]}}