{"id":239603,"date":"2022-08-11T08:45:14","date_gmt":"2022-08-11T08:45:14","guid":{"rendered":"https:\/\/lindenschule-hohenacker.de\/site\/?page_id=239603"},"modified":"2025-04-30T14:09:55","modified_gmt":"2025-04-30T12:09:55","slug":"elternbeirat-2","status":"publish","type":"page","link":"https:\/\/lindenschule-hohenacker.de\/site\/elternbeirat-2\/","title":{"rendered":"Elternbeirat"},"content":{"rendered":"<p>[et_pb_section fb_built=&#8220;1&#8243; _builder_version=&#8220;4.17.6&#8243; _module_preset=&#8220;default&#8220; global_colors_info=&#8220;{}&#8220;][et_pb_row _builder_version=&#8220;4.17.6&#8243; _module_preset=&#8220;default&#8220; global_colors_info=&#8220;{}&#8220;][et_pb_column type=&#8220;4_4&#8243; _builder_version=&#8220;4.17.6&#8243; _module_preset=&#8220;default&#8220; global_colors_info=&#8220;{}&#8220;][et_pb_text _builder_version=&#8220;4.17.6&#8243; _module_preset=&#8220;default&#8220; global_colors_info=&#8220;{}&#8220;]<\/p>\n<h2>Elternbeirat<\/h2>\n<p>[\/et_pb_text][et_pb_text _builder_version=&#8220;4.27.0&#8243; _module_preset=&#8220;default&#8220; text_orientation=&#8220;justified&#8220; hover_enabled=&#8220;0&#8243; global_colors_info=&#8220;{}&#8220; sticky_enabled=&#8220;0&#8243;]<\/p>\n<div class=\"elementToProof\">Liebe Eltern der Lindenschule,<\/div>\n<div>\u00a0<\/div>\n<div>wir der Elternbeirat der Ganztagsbetreuung m\u00f6chten uns gerne kurz bei Ihnen vorstellen.<\/div>\n<div>Mein Name ist Anne B\u00fcrckel. Meine Tochter Genevi\u00e8ve besucht aktuell die Klasse 2a.<\/div>\n<div>Die zweite Elternbeir\u00e4tin ist Carolin Rothe, deren Sohn die Klasse 4b besucht.<\/div>\n<div>\u00a0<\/div>\n<div>Unsere Aufgabe ist es, Verbindung zwischen Ihnen, den Eltern und dem Hort zu schaffen.<\/div>\n<div>Gerne stehen wir Ihnen bei Fragen rund um den Hort zur Verf\u00fcgung.<\/div>\n<div>\u00a0<\/div>\n<div>Hierzu k\u00f6nnen Sie uns gerne direkt ansprechen, oder Sie erreichen uns:<\/div>\n<div><a href=\"mailto:Elternbeirat_GTB_Lindenschule@outlook.de\" target=\"_blank\" rel=\"noopener\">Elternbeirat_GTB_Lindenschule@outlook.de<\/a><\/div>\n<div>\u00a0<\/div>\n<div>\u00a0<\/div>\n<div>Auf eine gute Zusammenarbeit und ein ereignisreiches Jahr!<\/div>\n<div>Ihr Elternbeirat<\/div>\n<p>[\/et_pb_text][\/et_pb_column][\/et_pb_row][\/et_pb_section]<\/p>\n","protected":false},"excerpt":{"rendered":"<p>ElternbeiratLiebe Eltern der Lindenschule, \u00a0 wir der Elternbeirat der Ganztagsbetreuung m\u00f6chten uns gerne kurz bei Ihnen vorstellen. Mein Name ist Anne B\u00fcrckel. Meine Tochter Genevi\u00e8ve besucht aktuell die Klasse 2a. [&hellip;]<\/p>\n","protected":false},"author":2,"featured_media":0,"parent":0,"menu_order":0,"comment_status":"closed","ping_status":"closed","template":"","meta":{"_et_pb_use_builder":"on","_et_pb_old_content":"","_et_gb_content_width":"","footnotes":""},"class_list":["post-239603","page","type-page","status-publish","hentry"],"_links":{"self":[{"href":"https:\/\/lindenschule-hohenacker.de\/site\/wp-json\/wp\/v2\/pages\/239603","targetHints":{"allow":["GET"]}}],"collection":[{"href":"https:\/\/lindenschule-hohenacker.de\/site\/wp-json\/wp\/v2\/pages"}],"about":[{"href":"https:\/\/lindenschule-hohenacker.de\/site\/wp-json\/wp\/v2\/types\/page"}],"author":[{"embeddable":true,"href":"https:\/\/lindenschule-hohenacker.de\/site\/wp-json\/wp\/v2\/users\/2"}],"replies":[{"embeddable":true,"href":"https:\/\/lindenschule-hohenacker.de\/site\/wp-json\/wp\/v2\/comments?post=239603"}],"version-history":[{"count":8,"href":"https:\/\/lindenschule-hohenacker.de\/site\/wp-json\/wp\/v2\/pages\/239603\/revisions"}],"predecessor-version":[{"id":245078,"href":"https:\/\/lindenschule-hohenacker.de\/site\/wp-json\/wp\/v2\/pages\/239603\/revisions\/245078"}],"wp:attachment":[{"href":"https:\/\/lindenschule-hohenacker.de\/site\/wp-json\/wp\/v2\/media?parent=239603"}],"curies":[{"name":"wp","href":"https:\/\/api.w.org\/{rel}","templated":true}]}}