{"id":239614,"date":"2022-08-11T08:57:01","date_gmt":"2022-08-11T08:57:01","guid":{"rendered":"https:\/\/lindenschule-hohenacker.de\/site\/?page_id=239614"},"modified":"2025-09-15T07:45:53","modified_gmt":"2025-09-15T05:45:53","slug":"oeffnungs-und-anmeldebloecke","status":"publish","type":"page","link":"https:\/\/lindenschule-hohenacker.de\/site\/oeffnungs-und-anmeldebloecke\/","title":{"rendered":"\u00d6ffnungs &#8211; und Anmeldebl\u00f6cke"},"content":{"rendered":"<p>[et_pb_section fb_built=&#8220;1&#8243; _builder_version=&#8220;4.17.6&#8243; _module_preset=&#8220;default&#8220; global_colors_info=&#8220;{}&#8220;][et_pb_row _builder_version=&#8220;4.17.6&#8243; _module_preset=&#8220;default&#8220; global_colors_info=&#8220;{}&#8220;][et_pb_column type=&#8220;4_4&#8243; _builder_version=&#8220;4.17.6&#8243; _module_preset=&#8220;default&#8220; global_colors_info=&#8220;{}&#8220;][et_pb_text _builder_version=&#8220;4.17.6&#8243; _module_preset=&#8220;default&#8220; global_colors_info=&#8220;{}&#8220;]<\/p>\n<h2>\u00d6ffnungs &#8211; und Anmeldebl\u00f6cke<\/h2>\n<p>[\/et_pb_text][\/et_pb_column][\/et_pb_row][et_pb_row column_structure=&#8220;1_2,1_2&#8243; _builder_version=&#8220;4.17.6&#8243; _module_preset=&#8220;default&#8220; global_colors_info=&#8220;{}&#8220;][et_pb_column type=&#8220;1_2&#8243; _builder_version=&#8220;4.17.6&#8243; _module_preset=&#8220;default&#8220; global_colors_info=&#8220;{}&#8220;][et_pb_image src=&#8220;https:\/\/lindenschule-hohenacker.de\/site\/wp-content\/uploads\/2022\/08\/Betreuungsbloecke-GTB.jpg&#8220; title_text=&#8220;Betreuungsbl\u00f6cke GTB&#8220; _builder_version=&#8220;4.17.6&#8243; _module_preset=&#8220;default&#8220; global_colors_info=&#8220;{}&#8220;][\/et_pb_image][\/et_pb_column][et_pb_column type=&#8220;1_2&#8243; _builder_version=&#8220;4.17.6&#8243; _module_preset=&#8220;default&#8220; global_colors_info=&#8220;{}&#8220;][et_pb_text _builder_version=&#8220;4.27.0&#8243; _module_preset=&#8220;default&#8220; text_orientation=&#8220;justified&#8220; hover_enabled=&#8220;0&#8243; global_colors_info=&#8220;{}&#8220; sticky_enabled=&#8220;0&#8243;]<\/p>\n<p>&nbsp;<\/p>\n<p>Unsere Einrichtung hat von Montag \u2013 Freitag von 07:00 \u2013 08:30 Uhr und 12:00 \u2013 17:30 Uhr ge\u00f6ffnet.<\/p>\n<p>Die einzelnen Bl\u00f6cke k\u00f6nnen Sie dem unten stehenden Formular entnehmen.<\/p>\n<p>Voraussetzungen f\u00fcr die Aufnahme ist, dass beide Elternteile berufst\u00e4tig sind.<\/p>\n<p>[\/et_pb_text][\/et_pb_column][\/et_pb_row][\/et_pb_section]<\/p>\n","protected":false},"excerpt":{"rendered":"<p>\u00d6ffnungs &#8211; und Anmeldebl\u00f6cke&nbsp; Unsere Einrichtung hat von Montag \u2013 Freitag von 07:00 \u2013 08:30 Uhr und 12:00 \u2013 17:30 Uhr ge\u00f6ffnet. Die einzelnen Bl\u00f6cke k\u00f6nnen Sie dem unten stehenden [&hellip;]<\/p>\n","protected":false},"author":2,"featured_media":0,"parent":0,"menu_order":0,"comment_status":"closed","ping_status":"closed","template":"","meta":{"_et_pb_use_builder":"on","_et_pb_old_content":"","_et_gb_content_width":"","footnotes":""},"class_list":["post-239614","page","type-page","status-publish","hentry"],"_links":{"self":[{"href":"https:\/\/lindenschule-hohenacker.de\/site\/wp-json\/wp\/v2\/pages\/239614","targetHints":{"allow":["GET"]}}],"collection":[{"href":"https:\/\/lindenschule-hohenacker.de\/site\/wp-json\/wp\/v2\/pages"}],"about":[{"href":"https:\/\/lindenschule-hohenacker.de\/site\/wp-json\/wp\/v2\/types\/page"}],"author":[{"embeddable":true,"href":"https:\/\/lindenschule-hohenacker.de\/site\/wp-json\/wp\/v2\/users\/2"}],"replies":[{"embeddable":true,"href":"https:\/\/lindenschule-hohenacker.de\/site\/wp-json\/wp\/v2\/comments?post=239614"}],"version-history":[{"count":10,"href":"https:\/\/lindenschule-hohenacker.de\/site\/wp-json\/wp\/v2\/pages\/239614\/revisions"}],"predecessor-version":[{"id":245492,"href":"https:\/\/lindenschule-hohenacker.de\/site\/wp-json\/wp\/v2\/pages\/239614\/revisions\/245492"}],"wp:attachment":[{"href":"https:\/\/lindenschule-hohenacker.de\/site\/wp-json\/wp\/v2\/media?parent=239614"}],"curies":[{"name":"wp","href":"https:\/\/api.w.org\/{rel}","templated":true}]}}