{"id":239621,"date":"2022-08-11T09:04:49","date_gmt":"2022-08-11T09:04:49","guid":{"rendered":"https:\/\/lindenschule-hohenacker.de\/site\/?page_id=239621"},"modified":"2025-09-15T07:44:33","modified_gmt":"2025-09-15T05:44:33","slug":"anmeldung","status":"publish","type":"page","link":"https:\/\/lindenschule-hohenacker.de\/site\/anmeldung\/","title":{"rendered":"Anmeldung"},"content":{"rendered":"<p>[et_pb_section fb_built=&#8220;1&#8243; _builder_version=&#8220;4.17.6&#8243; _module_preset=&#8220;default&#8220; global_colors_info=&#8220;{}&#8220;][et_pb_row _builder_version=&#8220;4.17.6&#8243; _module_preset=&#8220;default&#8220; global_colors_info=&#8220;{}&#8220;][et_pb_column type=&#8220;4_4&#8243; _builder_version=&#8220;4.17.6&#8243; _module_preset=&#8220;default&#8220; global_colors_info=&#8220;{}&#8220;][et_pb_text _builder_version=&#8220;4.18.0&#8243; _module_preset=&#8220;default&#8220; text_orientation=&#8220;justified&#8220; global_colors_info=&#8220;{}&#8220;]<\/p>\n<h2>Anmeldung<\/h2>\n<p>[\/et_pb_text][et_pb_text _builder_version=&#8220;4.27.0&#8243; _module_preset=&#8220;default&#8220; text_orientation=&#8220;justified&#8220; hover_enabled=&#8220;0&#8243; global_colors_info=&#8220;{}&#8220; sticky_enabled=&#8220;0&#8243;]<\/p>\n<p>Die Anmeldung der neuen 1. Kl\u00e4ssler findet am Tag der Schulanmeldung statt. \u00dcber den Termin werden Sie rechtzeitig informiert.<\/p>\n<p>F\u00fcr alle anderen Anmeldungen nehmen Sie bitte Kontakt mit uns auf. Wir vereinbaren dann einen Termin f\u00fcr ein Aufnahmegespr\u00e4ch.<\/p>\n<p>Anmeldungen k\u00f6nnen w\u00e4hrend des ganzen Jahres vorgenommen werden. Die Voraussetzung ist allerdings die Berufst\u00e4tigkeit beider Elternteile.<\/p>\n<p>&nbsp;<\/p>\n<p>Hier finden Sie eine Erkl\u00e4rung unserer Anmeldemappe.<\/p>\n<p><strong>Blatt 1: Aufnahmebogen<\/strong><\/p>\n<p>Bitte vergessen Sie nicht den Beginn der Betreuung (22.09.2025) einzutragen. Da die Einschulung nach dem 15.09. stattfindet, bezahlen Sie die Geb\u00fchren nur f\u00fcr den halben Monat.<\/p>\n<p><strong>Blatt 2: Module<\/strong><\/p>\n<p>Bitte beachten Sie, dass jetzt auch 1-t\u00e4gige Buchungen m\u00f6glich sind. Es m\u00fcssen insgesamt jedoch mindestens 2 Tage gebucht werden. Die Hausaufgabenhilfe kann nur in Absprache mit der Klassenlehrerin angemeldet werden, daher ist die Buchung f\u00fcr Ihr Kind im Moment noch nicht m\u00f6glich.<\/p>\n<p><strong>Blatt 3: Datenverarbeitung<\/strong><\/p>\n<p>Dieses Formular ist ein Pflichtformular, ohne dieses kann ihr Kind nicht aufgenommen werden..<\/p>\n<p><strong>Blatt 4: Eink\u00fcnfte zur Berechnung des Elternbeitrags<\/strong><\/p>\n<p>Falls Sie \u00fcber der Einkommensgrenze von 120 000\u20ac Brutto liegen, m\u00fcssen Sie nur das Kreuz im wei\u00dfen Kasten setzen und brauchen sonst keine Angaben mehr machen.<\/p>\n<p><strong>Blatt 5: Nachweis Berufst\u00e4tigkeit Mutter<\/strong><\/p>\n<p><strong>Blatt 6: Nachweis Berufst\u00e4tigkeit Vater<\/strong><\/p>\n<p><strong>Blatt 7: SEPA- Basislastschriftmandat<\/strong><\/p>\n<p><strong>Blatt 8: Merkblatt Betreuung<\/strong><\/p>\n<p>Bitte unterschrieben an uns zur\u00fcck.<\/p>\n<p><strong>Blatt 8a: Merkblatt Betreuung<\/strong><\/p>\n<p>Verbleibt in Ihren Unterlagen.<\/p>\n<p><strong>Blatt 9: Notfallblatt<\/strong><\/p>\n<p>Falls Ihr Kind Allergien \/ Erkrankungen hat, oder Medikamente einnehmen muss, w\u00e4ren wir Ihnen dankbar, wenn Sie uns hier\u00fcber nochmal genauer informieren w\u00fcrden.<\/p>\n<p><strong>Blatt 10: Einverst\u00e4ndnis Zeckenentfernung\/Behandlung kleiner Verletzungen<\/strong><\/p>\n<p>Bitte ausgef\u00fcllt und unterschrieben an uns zur\u00fcck.<\/p>\n<p><strong>Blatt 11: Best\u00e4tigung der Belehrung f\u00fcr Eltern<\/strong><\/p>\n<p>Bitte lesen Sie das beigelegte Merkblatt durch und best\u00e4tigen Sie dies auf dem Formular.<\/p>\n<p><strong>Masern-Impfschutz:<\/strong><\/p>\n<p>Bringen Sie bitte zur Anmeldung den Nachweis \u00fcber den Masern-Impfschutz mit. Aus Datenschutzgr\u00fcnden m\u00fcssen Sie den Nachweis leider bei uns und in der Schule vorlegen.<\/p>\n<p><strong>Erkl\u00e4rung zur Entbindung der Schweigepflicht:<\/strong><\/p>\n<p>Auch hier spielt der Datenschutz eine gro\u00dfe Rolle. Daher bitte ich Sie uns die Schweigepflichtentbindung zu den Lehrern und der Schulleitung und gegebenenfalls der Schulsozialarbeit zu erteilen. Nur dann k\u00f6nnen wichtige und gute Absprachen f\u00fcr Ihr Kind getroffen werden.<\/p>\n<p><strong>Einverst\u00e4ndniserkl\u00e4rung Fotodokumentation:<\/strong><\/p>\n<p>Bitte kreuzen Sie an, ob Sie den Punkten zustimmen, oder nicht.<\/p>\n<p><strong>Abholzeiten \/ Entlasszeiten:<\/strong><\/p>\n<p>Dieses Formular k\u00f6nnen Sie uns gerne beim Beginn der Betreuung abgeben.<\/p>\n<p>[\/et_pb_text][\/et_pb_column][\/et_pb_row][\/et_pb_section]<\/p>\n","protected":false},"excerpt":{"rendered":"<p>AnmeldungDie Anmeldung der neuen 1. Kl\u00e4ssler findet am Tag der Schulanmeldung statt. \u00dcber den Termin werden Sie rechtzeitig informiert. F\u00fcr alle anderen Anmeldungen nehmen Sie bitte Kontakt mit uns auf. [&hellip;]<\/p>\n","protected":false},"author":2,"featured_media":0,"parent":0,"menu_order":0,"comment_status":"closed","ping_status":"closed","template":"","meta":{"_et_pb_use_builder":"on","_et_pb_old_content":"","_et_gb_content_width":"","footnotes":""},"class_list":["post-239621","page","type-page","status-publish","hentry"],"_links":{"self":[{"href":"https:\/\/lindenschule-hohenacker.de\/site\/wp-json\/wp\/v2\/pages\/239621","targetHints":{"allow":["GET"]}}],"collection":[{"href":"https:\/\/lindenschule-hohenacker.de\/site\/wp-json\/wp\/v2\/pages"}],"about":[{"href":"https:\/\/lindenschule-hohenacker.de\/site\/wp-json\/wp\/v2\/types\/page"}],"author":[{"embeddable":true,"href":"https:\/\/lindenschule-hohenacker.de\/site\/wp-json\/wp\/v2\/users\/2"}],"replies":[{"embeddable":true,"href":"https:\/\/lindenschule-hohenacker.de\/site\/wp-json\/wp\/v2\/comments?post=239621"}],"version-history":[{"count":7,"href":"https:\/\/lindenschule-hohenacker.de\/site\/wp-json\/wp\/v2\/pages\/239621\/revisions"}],"predecessor-version":[{"id":245491,"href":"https:\/\/lindenschule-hohenacker.de\/site\/wp-json\/wp\/v2\/pages\/239621\/revisions\/245491"}],"wp:attachment":[{"href":"https:\/\/lindenschule-hohenacker.de\/site\/wp-json\/wp\/v2\/media?parent=239621"}],"curies":[{"name":"wp","href":"https:\/\/api.w.org\/{rel}","templated":true}]}}