{"id":239635,"date":"2022-08-11T09:28:56","date_gmt":"2022-08-11T09:28:56","guid":{"rendered":"https:\/\/lindenschule-hohenacker.de\/site\/?page_id=239635"},"modified":"2025-08-19T19:33:12","modified_gmt":"2025-08-19T17:33:12","slug":"ferien-und-schliesstage","status":"publish","type":"page","link":"https:\/\/lindenschule-hohenacker.de\/site\/ferien-und-schliesstage\/","title":{"rendered":"Ferien und Schlie\u00dftage"},"content":{"rendered":"<p>[et_pb_section fb_built=&#8220;1&#8243; _builder_version=&#8220;4.17.6&#8243; _module_preset=&#8220;default&#8220; global_colors_info=&#8220;{}&#8220;][et_pb_row _builder_version=&#8220;4.17.6&#8243; _module_preset=&#8220;default&#8220; global_colors_info=&#8220;{}&#8220;][et_pb_column type=&#8220;4_4&#8243; _builder_version=&#8220;4.17.6&#8243; _module_preset=&#8220;default&#8220; global_colors_info=&#8220;{}&#8220;][et_pb_text _builder_version=&#8220;4.17.6&#8243; _module_preset=&#8220;default&#8220; global_colors_info=&#8220;{}&#8220;]<\/p>\n<h2>Ferien und Schlie\u00dftage<\/h2>\n<p>[\/et_pb_text][et_pb_image src=&#8220;https:\/\/lindenschule-hohenacker.de\/site\/wp-content\/uploads\/2025\/07\/schulkalender-2025-2026-Eltern.1.jpeg&#8220; title_text=&#8220;schulkalender-2025-2026-Eltern.1&#8243; _builder_version=&#8220;4.27.0&#8243; _module_preset=&#8220;default&#8220; hover_enabled=&#8220;0&#8243; global_colors_info=&#8220;{}&#8220; sticky_enabled=&#8220;0&#8243;][\/et_pb_image][et_pb_image src=&#8220;https:\/\/lindenschule-hohenacker.de\/site\/wp-content\/uploads\/2025\/07\/schulkalender-2025-2026-Eltern.2.jpeg&#8220; title_text=&#8220;schulkalender-2025-2026-Eltern.2&#8243; _builder_version=&#8220;4.27.0&#8243; _module_preset=&#8220;default&#8220; hover_enabled=&#8220;0&#8243; global_colors_info=&#8220;{}&#8220; sticky_enabled=&#8220;0&#8243;][\/et_pb_image][et_pb_text _builder_version=&#8220;4.27.0&#8243; _module_preset=&#8220;default&#8220; text_orientation=&#8220;justified&#8220; hover_enabled=&#8220;0&#8243; global_colors_info=&#8220;{}&#8220; sticky_enabled=&#8220;0&#8243;]<\/p>\n<p>Bei Ferien mit Ferienbetreuung bekommt Ihr Kind ca. 4-6 Wochen vor Ferienbeginn eine Ferienanmeldung mit nach Hause. Sie k\u00f6nnen dann Ihre Zeiten nach Bedarf anmelden. Bitte beachten Sie, dass die Anmeldung zum angegeben Zeitpunkt wieder abgegeben werden muss. Sp\u00e4ter abgegebene Anmeldungen k\u00f6nnen nicht mehr ber\u00fccksichtigt werden.<\/p>\n<p>Ca. 1 Woche vor Ferienbeginn bekommt Ihr Kind dann das Ferienprogramm. Ab diesem Zeitpunkt, sp\u00e4testens aber am Freitag vor Ferienbeginn, kann das Feriengeld bezahlt werden.<\/p>\n<p>Falls Ihr Kind nicht an der Ferienbetreuung teilnehmen kann, geben Sie uns bitte Bescheid. Das Feriengeld kann in diesem Fall leider nicht erstattet werden.<\/p>\n<p>[\/et_pb_text][\/et_pb_column][\/et_pb_row][\/et_pb_section]<\/p>\n","protected":false},"excerpt":{"rendered":"<p>Ferien und Schlie\u00dftage Bei Ferien mit Ferienbetreuung bekommt Ihr Kind ca. 4-6 Wochen vor Ferienbeginn eine Ferienanmeldung mit nach Hause. Sie k\u00f6nnen dann Ihre Zeiten nach Bedarf anmelden. Bitte beachten [&hellip;]<\/p>\n","protected":false},"author":2,"featured_media":0,"parent":0,"menu_order":0,"comment_status":"closed","ping_status":"closed","template":"","meta":{"_et_pb_use_builder":"on","_et_pb_old_content":"","_et_gb_content_width":"","footnotes":""},"class_list":["post-239635","page","type-page","status-publish","hentry"],"_links":{"self":[{"href":"https:\/\/lindenschule-hohenacker.de\/site\/wp-json\/wp\/v2\/pages\/239635","targetHints":{"allow":["GET"]}}],"collection":[{"href":"https:\/\/lindenschule-hohenacker.de\/site\/wp-json\/wp\/v2\/pages"}],"about":[{"href":"https:\/\/lindenschule-hohenacker.de\/site\/wp-json\/wp\/v2\/types\/page"}],"author":[{"embeddable":true,"href":"https:\/\/lindenschule-hohenacker.de\/site\/wp-json\/wp\/v2\/users\/2"}],"replies":[{"embeddable":true,"href":"https:\/\/lindenschule-hohenacker.de\/site\/wp-json\/wp\/v2\/comments?post=239635"}],"version-history":[{"count":14,"href":"https:\/\/lindenschule-hohenacker.de\/site\/wp-json\/wp\/v2\/pages\/239635\/revisions"}],"predecessor-version":[{"id":245302,"href":"https:\/\/lindenschule-hohenacker.de\/site\/wp-json\/wp\/v2\/pages\/239635\/revisions\/245302"}],"wp:attachment":[{"href":"https:\/\/lindenschule-hohenacker.de\/site\/wp-json\/wp\/v2\/media?parent=239635"}],"curies":[{"name":"wp","href":"https:\/\/api.w.org\/{rel}","templated":true}]}}