{"id":239646,"date":"2022-08-11T09:48:25","date_gmt":"2022-08-11T09:48:25","guid":{"rendered":"https:\/\/lindenschule-hohenacker.de\/site\/?page_id=239646"},"modified":"2025-09-15T07:47:39","modified_gmt":"2025-09-15T05:47:39","slug":"haeufig-gestellte-fragen","status":"publish","type":"page","link":"https:\/\/lindenschule-hohenacker.de\/site\/haeufig-gestellte-fragen\/","title":{"rendered":"H\u00e4ufig gestellte Fragen"},"content":{"rendered":"<p>[et_pb_section fb_built=&#8220;1&#8243; _builder_version=&#8220;4.17.6&#8243; _module_preset=&#8220;default&#8220; global_colors_info=&#8220;{}&#8220;][et_pb_row _builder_version=&#8220;4.17.6&#8243; _module_preset=&#8220;default&#8220; global_colors_info=&#8220;{}&#8220;][et_pb_column type=&#8220;4_4&#8243; _builder_version=&#8220;4.17.6&#8243; _module_preset=&#8220;default&#8220; global_colors_info=&#8220;{}&#8220;][et_pb_text _builder_version=&#8220;4.17.6&#8243; _module_preset=&#8220;default&#8220; text_orientation=&#8220;justified&#8220; global_colors_info=&#8220;{}&#8220;]<\/p>\n<h2>H\u00e4ufig gestellte Fragen<\/h2>\n<p>[\/et_pb_text][et_pb_text _builder_version=&#8220;4.27.0&#8243; _module_preset=&#8220;default&#8220; text_orientation=&#8220;justified&#8220; hover_enabled=&#8220;0&#8243; global_colors_info=&#8220;{}&#8220; sticky_enabled=&#8220;0&#8243;]<\/p>\n<p><strong>Allgemeine Fragen<\/strong><\/p>\n<p><span style=\"color: #0000ff;\">Muss ich mein Kind bei Krankheit im Hort und der Schule entschuldigen?<\/span><\/p>\n<p>Ja. Bitte melden Sie Ihr Kind telefonisch oder per Mail in der Schule und im Hort ab.<\/p>\n<p><span style=\"color: #0000ff;\">Mein Kind wird von einer anderen Person abgeholt oder die Entlasszeiten \u00e4ndern sich an einem Tag. Was muss ich tun?<\/span><\/p>\n<p>Auch hier k\u00f6nnen Sie uns gerne per Telefon oder Mail informieren. Sie k\u00f6nnen Ihrem Kind auch einen Zettel mitgeben.<\/p>\n<p><span style=\"color: #0000ff;\">Wann kann mein Kind nach Hause?<\/span><\/p>\n<p>Sie k\u00f6nnen Ihr Kind jederzeit im Hort abholen kommen. Wenn wir Ihr Kind nach Hause entlassen sollen, werden wir dies immer zu jeder halben und vollen Stunde tun. Sie k\u00f6nnen uns die Zeiten gerne zukommen lassen.<\/p>\n<p><span style=\"color: #0000ff;\">Kann mein Kind zu einem Angebot au\u00dferhalb der Schule oder des Horts (Tennis, Kunstschule, Sport\u2026) gehen und danach wieder in die Betreuung zur\u00fcckkommen?<\/span><\/p>\n<p>Ja das ist m\u00f6glich. Allerdings muss Ihr Kind den Weg dorthin alleine absolvieren k\u00f6nnen.<\/p>\n<p><span style=\"color: #0000ff;\">Braucht mein Kind Regenkleidung?<\/span><\/p>\n<p>Ihr Kind kann gerne Regenkleidung und Gummistiefel im Hort belassen.<\/p>\n<p><span style=\"color: #0000ff;\">Hat mein Kind eine Bezugserzieherin?<\/span><\/p>\n<p>Bei uns hat jeder Jahrgang eine Bezugserzieherin. Die Zuordnung k\u00f6nnen Sie bei \u201eUnser Team\u201c nachschauen<\/p>\n<p><strong>Fragen zum Fr\u00fchdienst<\/strong><\/p>\n<p><span style=\"color: #0000ff;\">Muss mein Kind p\u00fcnktlich um 7 Uhr zum Fr\u00fchdienst kommen?<\/span><\/p>\n<p>Sie k\u00f6nnen Ihr Kind ganz individuell w\u00e4hrend der Fr\u00fchdienstzeit in den Hort bringen oder schicken.<\/p>\n<p><span style=\"color: #0000ff;\">Muss ich mein Kind, wenn es nur zum Fr\u00fchdienst nicht kommt, entschuldigen?<\/span><\/p>\n<p>F\u00fcr den Fr\u00fchdienst muss Ihr Kind nicht entschuldigt werden.<\/p>\n<p><span style=\"color: #0000ff;\">Kann mein Kind im Fr\u00fchdienst fr\u00fchst\u00fccken?<\/span><\/p>\n<p>Ihr Kind kann sein mitgebrachtes Fr\u00fchst\u00fcck gerne bei uns im Fr\u00fchdienst essen.<\/p>\n<p><span style=\"color: #0000ff;\">Kann mein Kind, wenn die 1. Stunde ausf\u00e4llt, zum Fr\u00fchdienst in den Hort kommen?<\/span><\/p>\n<p>Ihr Kind kann nur dann zum Fr\u00fchdienst kommen, wenn es an diesem Tag auch angemeldet ist. Ansonsten m\u00fcssen Sie privat f\u00fcr eine Alternative sorgen.<\/p>\n<p><strong>Fragen zum Mittagessen<\/strong><\/p>\n<p><span style=\"color: #0000ff;\">Gibt es ein vegetarisches Essen?<\/span><\/p>\n<p>Es gibt jeden Tag ein vegetarisches Essen. Sie k\u00f6nnen es pauschal angeben, falls ihr Kind immer vegetarisch essen soll. Ansonsten kann ihr Kind in der Woche vorher das Essen aussuchen.<\/p>\n<p><span style=\"color: #0000ff;\">Gibt es Schweinefleisch?<\/span><\/p>\n<p>Ab und an steht auf dem Speiseplan ein Gericht mit Schweinefleisch. An diesem Tag wird f\u00fcr muslimische Kinder automatisch ein Vegi-Essen bestellt.<\/p>\n<p><span style=\"color: #0000ff;\">Muss mein Kind alles essen?<\/span><\/p>\n<p>Ihr Kind kann immer sagen, ob es alles oder nur bestimmte Teile des Men\u00fcs essen m\u00f6chte.<\/p>\n<p><strong>Fragen zu der Hausaufgabenbetreuung\/Hausaufgabenhilfe<\/strong><\/p>\n<p><span style=\"color: #0000ff;\">Was ist der Unterschied zwischen Hausaufgabenhilfe und Hausaufgabenbetreuung?<\/span><\/p>\n<p>Zur Hausaufgabenhilfe k\u00f6nnen auch Kinder, die den Hort nicht besuchen, angemeldet werden. Allerdings ben\u00f6tigen Sie hierf\u00fcr die Unterschrift der Klassenlehrerin.<\/p>\n<p>Alle Kinder die im NM Block angemeldet sind nehmen automatisch an der Hausaufgabenbetreuung teil.<\/p>\n<p><span style=\"color: #0000ff;\">Wann und wie lange findet die Hausaufgabenzeit statt?<\/span><\/p>\n<p>Hausaufgabenhilfe1: \u00a0\u00a0\u00a0\u00a0\u00a0\u00a0\u00a0\u00a0\u00a0\u00a0\u00a0\u00a0\u00a0\u00a0\u00a0\u00a0 13:30 \u2013 14:30 Uhr<\/p>\n<p>Hausaufgabenhilfe2: \u00a0\u00a0\u00a0\u00a0\u00a0\u00a0\u00a0\u00a0\u00a0\u00a0\u00a0\u00a0\u00a0\u00a0\u00a0\u00a0 14:30 \u2013 15:30 Uhr<\/p>\n<p>Hausaufgabenbetreuung: \u00a0\u00a0\u00a0\u00a0\u00a0 14:30 \u2013 15:30 Uhr<\/p>\n<p><span style=\"color: #0000ff;\">Machen alle Kinder gemeinsam Hausaufgaben?<\/span><\/p>\n<p>Die Hausaufgabenbetreuung findet immer im jeweiligen Jahrgang statt.<\/p>\n<p>Die Hausaufgabenhilfe1 findet als 1 Gruppe mit allen Kindern statt.<\/p>\n<p>Die Hausaufgabenhilfe2 findet in den jeweiligen Jahrg\u00e4ngen statt.<\/p>\n<p><span style=\"color: #0000ff;\">Wird den Kindern bei Problemen geholfen?<\/span><\/p>\n<p>Die Hausaufgabenbetreuung ist keine Nachhilfe. Von Seiten der Stadt muss den Kindern lediglich ein Raum, Zeit und Ruhe zur Verf\u00fcgung gestellt werden. Wir bem\u00fchen uns aber immer, den Kinder bei Problemen die n\u00f6tige Unterst\u00fctzung zukommen zu lassen.<\/p>\n<p><span style=\"color: #0000ff;\">Sind die Hausaufgaben auf Richtigkeit kontrolliert?<\/span><\/p>\n<p>Auch hier bem\u00fchen wir uns, die Hausaufgaben zu kontrollieren. Je nach Kinderanzahl ist dies jedoch nicht immer m\u00f6glich. Die Verantwortung obliegt immer Ihnen als Eltern. Daher schauen Sie bitte nach der Betreuung die Hausaufgaben an.<\/p>\n<p><span style=\"color: #0000ff;\">Sind die Hausaufgaben immer vollst\u00e4ndig erledigt?<\/span><\/p>\n<p>Es kann gut sein, dass Ihr Kind die Hausaufgaben nicht jeden Tag vollst\u00e4ndig im Hort erledigt hat.<\/p>\n<p><strong>Fragen zum Nachmittagsvesper<\/strong><\/p>\n<p><span style=\"color: #0000ff;\">Braucht mein Kind f\u00fcr den Nachmittag noch ein zus\u00e4tzliches Vesper?<\/span><\/p>\n<p>Nein. Wir bieten allen NM Kindern um 15.30 Uhr ein Nachmittagsvesper an. Hier wird meist das Schulobst angeboten, aber auch mal etwas Anderes wie M\u00fcsli, Brot \u2026.<\/p>\n<p><span style=\"color: #0000ff;\">Muss mein Kind am Nachmittagsvesper teilnehmen?<\/span><\/p>\n<p>Wenn Ihr Kind um diese Uhrzeit noch in der Betreuung ist, muss es am Nachmittagsvesper teilnehmen, aber es muss nat\u00fcrlich nichts essen, oder es darf auch gerne noch Reste vom eigenen Vesper vespern. In dieser Zeit wird mit den Kindern der restliche Nachmittag besprochen und eventuell auch etwas vorgelesen oder gespielt.<\/p>\n<p><strong>Fragen zu Kiss und BWL<\/strong><\/p>\n<p><span style=\"color: #0000ff;\">Muss mein Kind an Kiss und der BWL teilnehmen?<\/span><\/p>\n<p>Nein. Die Kinder d\u00fcrfen am jeweiligen Tag frei entscheiden ob sie teilnehmen m\u00f6chten oder nicht.<\/p>\n<p><span style=\"color: #0000ff;\">Braucht mein Kind Sportkleidung?<\/span><\/p>\n<p>Ja. Es braucht auf jeden Fall Sportschuhe. Ihr Kind kann gerne Sportsachen in der Garderobe h\u00e4ngen lassen, oder die Sportkleidung von der Schule benutzen.<\/p>\n<p><span style=\"color: #0000ff;\">Mein Kind ist nur bis 13.30 Uhr angemeldet. Kann es trotzdem zu Kiss?<\/span><\/p>\n<p>Ihr Kind kann, bis es entlassen wird, teilnehmen.<\/p>\n<p>&nbsp;<\/p>\n<p><span style=\"color: #0000ff;\">Bei allen weiteren Fragen, k\u00f6nnen Sie sich gerne an uns wenden!<\/span><\/p>\n<p>&nbsp;<\/p>\n<p>[\/et_pb_text][\/et_pb_column][\/et_pb_row][\/et_pb_section]<\/p>\n","protected":false},"excerpt":{"rendered":"<p>H\u00e4ufig gestellte Fragen Allgemeine Fragen Muss ich mein Kind bei Krankheit im Hort und der Schule entschuldigen? Ja. Bitte melden Sie Ihr Kind telefonisch oder per Mail in der Schule [&hellip;]<\/p>\n","protected":false},"author":2,"featured_media":0,"parent":0,"menu_order":0,"comment_status":"closed","ping_status":"closed","template":"","meta":{"_et_pb_use_builder":"on","_et_pb_old_content":"","_et_gb_content_width":"","footnotes":""},"class_list":["post-239646","page","type-page","status-publish","hentry"],"_links":{"self":[{"href":"https:\/\/lindenschule-hohenacker.de\/site\/wp-json\/wp\/v2\/pages\/239646","targetHints":{"allow":["GET"]}}],"collection":[{"href":"https:\/\/lindenschule-hohenacker.de\/site\/wp-json\/wp\/v2\/pages"}],"about":[{"href":"https:\/\/lindenschule-hohenacker.de\/site\/wp-json\/wp\/v2\/types\/page"}],"author":[{"embeddable":true,"href":"https:\/\/lindenschule-hohenacker.de\/site\/wp-json\/wp\/v2\/users\/2"}],"replies":[{"embeddable":true,"href":"https:\/\/lindenschule-hohenacker.de\/site\/wp-json\/wp\/v2\/comments?post=239646"}],"version-history":[{"count":10,"href":"https:\/\/lindenschule-hohenacker.de\/site\/wp-json\/wp\/v2\/pages\/239646\/revisions"}],"predecessor-version":[{"id":245494,"href":"https:\/\/lindenschule-hohenacker.de\/site\/wp-json\/wp\/v2\/pages\/239646\/revisions\/245494"}],"wp:attachment":[{"href":"https:\/\/lindenschule-hohenacker.de\/site\/wp-json\/wp\/v2\/media?parent=239646"}],"curies":[{"name":"wp","href":"https:\/\/api.w.org\/{rel}","templated":true}]}}